{"id":144,"date":"2022-03-13T17:21:36","date_gmt":"2022-03-13T20:21:36","guid":{"rendered":"http:\/\/maxwelldossantos.com.br\/?page_id=144"},"modified":"2022-07-17T14:22:00","modified_gmt":"2022-07-17T17:22:00","slug":"diplomas-e-certificados","status":"publish","type":"page","link":"https:\/\/maxwelldossantos.com.br\/index.php\/diplomas-e-certificados\/","title":{"rendered":"Diplomas e Certificados"},"content":{"rendered":"\n<h2 class=\"wp-block-heading\">T\u00e9cnico em Multim\u00eddia  &#8211; CEET Vasco Coutinho (2016)<\/h2>\n\n\n\n<div data-wp-interactive=\"core\/file\" class=\"wp-block-file\"><object data-wp-bind--hidden=\"!state.hasPdfPreview\" hidden class=\"wp-block-file__embed\" data=\"https:\/\/maxwelldossantos.com.br\/wp-content\/uploads\/2022\/03\/Vasco-Coutinho-Tecnico-em-Multimidia.pdf\" type=\"application\/pdf\" style=\"width:100%;height:600px\" aria-label=\"Incorporado de Incorporado de Vasco-Coutinho-Tecnico-em-Multimidia..\"><\/object><a id=\"wp-block-file--media-d5a2c17c-b815-4b49-8438-fad3708ebedb\" href=\"https:\/\/maxwelldossantos.com.br\/wp-content\/uploads\/2022\/03\/Vasco-Coutinho-Tecnico-em-Multimidia.pdf\">Vasco-Coutinho-Tecnico-em-Multimidia<\/a><a href=\"https:\/\/maxwelldossantos.com.br\/wp-content\/uploads\/2022\/03\/Vasco-Coutinho-Tecnico-em-Multimidia.pdf\" class=\"wp-block-file__button\" download aria-describedby=\"wp-block-file--media-d5a2c17c-b815-4b49-8438-fad3708ebedb\">Baixar<\/a><\/div>\n\n\n\n<h2 class=\"wp-block-heading\">Licenciado em Letras &#8211; Instituto Federal do Esp\u00edrito Santo (2021)<\/h2>\n\n\n\n<div data-wp-interactive=\"core\/file\" class=\"wp-block-file\"><object data-wp-bind--hidden=\"!state.hasPdfPreview\" hidden class=\"wp-block-file__embed\" data=\"https:\/\/maxwelldossantos.com.br\/wp-content\/uploads\/2022\/03\/Diploma-Letras-Portugues-IFES-Maxwell.pdf\" type=\"application\/pdf\" style=\"width:100%;height:600px\" aria-label=\"Incorporado de Incorporado de Diploma-Letras-Portugues-IFES-Maxwell..\"><\/object><a id=\"wp-block-file--media-9b6a896e-fd03-4a54-a2b0-b7a9a2cb8bcc\" href=\"https:\/\/maxwelldossantos.com.br\/wp-content\/uploads\/2022\/03\/Diploma-Letras-Portugues-IFES-Maxwell.pdf\">Diploma-Letras-Portugues-IFES-Maxwell<\/a><a href=\"https:\/\/maxwelldossantos.com.br\/wp-content\/uploads\/2022\/03\/Diploma-Letras-Portugues-IFES-Maxwell.pdf\" class=\"wp-block-file__button\" download aria-describedby=\"wp-block-file--media-9b6a896e-fd03-4a54-a2b0-b7a9a2cb8bcc\">Baixar<\/a><\/div>\n\n\n\n<h2 class=\"wp-block-heading\">Licenciado em Hist\u00f3ria &#8211; Centro Universit\u00e1rio Internacional (2022)<\/h2>\n\n\n\n<div data-wp-interactive=\"core\/file\" class=\"wp-block-file\"><object data-wp-bind--hidden=\"!state.hasPdfPreview\" hidden class=\"wp-block-file__embed\" data=\"https:\/\/maxwelldossantos.com.br\/wp-content\/uploads\/2022\/07\/Diploma-Historia-Uninter-Maxwell.pdf\" type=\"application\/pdf\" style=\"width:100%;height:600px\" aria-label=\"Incorporado de Incorporado de Diploma-Historia-Uninter-Maxwell..\"><\/object><a id=\"wp-block-file--media-6c1a2c42-f416-455b-85ca-debde161e407\" href=\"https:\/\/maxwelldossantos.com.br\/wp-content\/uploads\/2022\/07\/Diploma-Historia-Uninter-Maxwell.pdf\">Diploma-Historia-Uninter-Maxwell<\/a><a href=\"https:\/\/maxwelldossantos.com.br\/wp-content\/uploads\/2022\/07\/Diploma-Historia-Uninter-Maxwell.pdf\" class=\"wp-block-file__button\" download aria-describedby=\"wp-block-file--media-6c1a2c42-f416-455b-85ca-debde161e407\">Baixar<\/a><\/div>\n\n\n\n<h2 class=\"wp-block-heading\">Especialista em Revis\u00e3o de Textos &#8211; Faculdade Facuminas (2021)<\/h2>\n\n\n\n<div data-wp-interactive=\"core\/file\" class=\"wp-block-file\"><object data-wp-bind--hidden=\"!state.hasPdfPreview\" hidden class=\"wp-block-file__embed\" data=\"https:\/\/maxwelldossantos.com.br\/wp-content\/uploads\/2022\/03\/Certificado-Pos-em-Revisao-de-Textos-Facuminas.pdf\" type=\"application\/pdf\" style=\"width:100%;height:600px\" aria-label=\"Incorporado de Incorporado de Certificado-Pos-em-Revisao-de-Textos-Facuminas..\"><\/object><a id=\"wp-block-file--media-0d690c96-c344-47a4-88d8-28c191b64d2c\" href=\"https:\/\/maxwelldossantos.com.br\/wp-content\/uploads\/2022\/03\/Certificado-Pos-em-Revisao-de-Textos-Facuminas.pdf\">Certificado-Pos-em-Revisao-de-Textos-Facuminas<\/a><a href=\"https:\/\/maxwelldossantos.com.br\/wp-content\/uploads\/2022\/03\/Certificado-Pos-em-Revisao-de-Textos-Facuminas.pdf\" class=\"wp-block-file__button\" download aria-describedby=\"wp-block-file--media-0d690c96-c344-47a4-88d8-28c191b64d2c\">Baixar<\/a><\/div>\n\n\n\n<h2 class=\"wp-block-heading\">MBA EM Marketing e M\u00eddias Digitais &#8211; Faculdade Facuminas (2022)<\/h2>\n\n\n\n<div data-wp-interactive=\"core\/file\" class=\"wp-block-file\"><object data-wp-bind--hidden=\"!state.hasPdfPreview\" hidden class=\"wp-block-file__embed\" data=\"https:\/\/maxwelldossantos.com.br\/wp-content\/uploads\/2022\/07\/MBA-Marketing-e-Midias-Digitais-Facuminas.pdf\" type=\"application\/pdf\" style=\"width:100%;height:600px\" aria-label=\"Incorporado de Incorporado de MBA-Marketing-e-Midias-Digitais-Facuminas..\"><\/object><a id=\"wp-block-file--media-b48a5d19-8c52-424b-80d7-cad3e997bb70\" href=\"https:\/\/maxwelldossantos.com.br\/wp-content\/uploads\/2022\/07\/MBA-Marketing-e-Midias-Digitais-Facuminas.pdf\">MBA-Marketing-e-Midias-Digitais-Facuminas<\/a><a href=\"https:\/\/maxwelldossantos.com.br\/wp-content\/uploads\/2022\/07\/MBA-Marketing-e-Midias-Digitais-Facuminas.pdf\" class=\"wp-block-file__button\" download aria-describedby=\"wp-block-file--media-b48a5d19-8c52-424b-80d7-cad3e997bb70\">Baixar<\/a><\/div>\n\n\n\n<h2 class=\"wp-block-heading\">Curso Copywriting Essencial &#8211; MX Cursos (2021)<\/h2>\n\n\n\n<div data-wp-interactive=\"core\/file\" class=\"wp-block-file\"><object data-wp-bind--hidden=\"!state.hasPdfPreview\" hidden class=\"wp-block-file__embed\" data=\"https:\/\/maxwelldossantos.com.br\/wp-content\/uploads\/2022\/03\/MX-Cursos-Copywriting-Essencial.pdf\" type=\"application\/pdf\" style=\"width:100%;height:600px\" aria-label=\"Incorporado de Incorporado de MX-Cursos-Copywriting-Essencial..\"><\/object><a id=\"wp-block-file--media-a5d93bff-e048-4185-ae9a-2eda51fe49ee\" href=\"https:\/\/maxwelldossantos.com.br\/wp-content\/uploads\/2022\/03\/MX-Cursos-Copywriting-Essencial.pdf\">MX-Cursos-Copywriting-Essencial<\/a><a href=\"https:\/\/maxwelldossantos.com.br\/wp-content\/uploads\/2022\/03\/MX-Cursos-Copywriting-Essencial.pdf\" class=\"wp-block-file__button\" download aria-describedby=\"wp-block-file--media-a5d93bff-e048-4185-ae9a-2eda51fe49ee\">Baixar<\/a><\/div>\n\n\n\n<h2 class=\"wp-block-heading\">Curso de T\u00e9cnicas de Reda\u00e7\u00e3o &#8211; MX Cursos (2018)<\/h2>\n\n\n\n<div data-wp-interactive=\"core\/file\" class=\"wp-block-file\"><object data-wp-bind--hidden=\"!state.hasPdfPreview\" hidden class=\"wp-block-file__embed\" data=\"https:\/\/maxwelldossantos.com.br\/wp-content\/uploads\/2022\/03\/IPED-Tecnicas-de-Redacao.pdf\" type=\"application\/pdf\" style=\"width:100%;height:600px\" aria-label=\"Incorporado de Incorporado de IPED-Tecnicas-de-Redacao..\"><\/object><a id=\"wp-block-file--media-e6edbba3-20d9-45e7-a5e1-c9604a2e7e31\" href=\"https:\/\/maxwelldossantos.com.br\/wp-content\/uploads\/2022\/03\/IPED-Tecnicas-de-Redacao.pdf\">IPED-Tecnicas-de-Redacao<\/a><a href=\"https:\/\/maxwelldossantos.com.br\/wp-content\/uploads\/2022\/03\/IPED-Tecnicas-de-Redacao.pdf\" class=\"wp-block-file__button\" download aria-describedby=\"wp-block-file--media-e6edbba3-20d9-45e7-a5e1-c9604a2e7e31\">Baixar<\/a><\/div>\n\n\n\n<h2 class=\"wp-block-heading\">Curso Cinema: Roteiro de ficc\u00e7\u00e3o para curta-metragem &#8211; MX Cursos (2019)<\/h2>\n\n\n\n<div data-wp-interactive=\"core\/file\" class=\"wp-block-file\"><object data-wp-bind--hidden=\"!state.hasPdfPreview\" hidden class=\"wp-block-file__embed\" data=\"https:\/\/maxwelldossantos.com.br\/wp-content\/uploads\/2022\/03\/TreinaWeb-Roteiro-de-ficcao-para-curta-metragem-1.pdf\" type=\"application\/pdf\" style=\"width:100%;height:600px\" aria-label=\"Incorporado de Incorporado de TreinaWeb-Roteiro-de-ficcao-para-curta-metragem-1..\"><\/object><a id=\"wp-block-file--media-443f9e67-0be5-4a97-a731-929b21ef1483\" href=\"https:\/\/maxwelldossantos.com.br\/wp-content\/uploads\/2022\/03\/TreinaWeb-Roteiro-de-ficcao-para-curta-metragem-1.pdf\">TreinaWeb-Roteiro-de-ficcao-para-curta-metragem-1<\/a><a href=\"https:\/\/maxwelldossantos.com.br\/wp-content\/uploads\/2022\/03\/TreinaWeb-Roteiro-de-ficcao-para-curta-metragem-1.pdf\" class=\"wp-block-file__button\" download aria-describedby=\"wp-block-file--media-443f9e67-0be5-4a97-a731-929b21ef1483\">Baixar<\/a><\/div>\n\n\n\n<h2 class=\"wp-block-heading\">Curso Sony Vegas &#8211; Centro de Estudos e Forma\u00e7\u00e3o (2021)<\/h2>\n\n\n\n<div data-wp-interactive=\"core\/file\" class=\"wp-block-file\"><object data-wp-bind--hidden=\"!state.hasPdfPreview\" hidden class=\"wp-block-file__embed\" data=\"https:\/\/maxwelldossantos.com.br\/wp-content\/uploads\/2022\/03\/Centro-de-Estudos-e-Formacao-Sony-Vegas.pdf\" type=\"application\/pdf\" style=\"width:100%;height:600px\" aria-label=\"Incorporado de Incorporado de Centro-de-Estudos-e-Formacao-Sony-Vegas..\"><\/object><a id=\"wp-block-file--media-304d4274-0bc4-45be-bf58-3fa97793c376\" href=\"https:\/\/maxwelldossantos.com.br\/wp-content\/uploads\/2022\/03\/Centro-de-Estudos-e-Formacao-Sony-Vegas.pdf\">Centro-de-Estudos-e-Formacao-Sony-Vegas<\/a><a href=\"https:\/\/maxwelldossantos.com.br\/wp-content\/uploads\/2022\/03\/Centro-de-Estudos-e-Formacao-Sony-Vegas.pdf\" class=\"wp-block-file__button\" download aria-describedby=\"wp-block-file--media-304d4274-0bc4-45be-bf58-3fa97793c376\">Baixar<\/a><\/div>\n\n\n\n<h2 class=\"wp-block-heading\">Curso Edi\u00e7\u00e3o de V\u00eddeo &#8211; Centro de Estudos e Forma\u00e7\u00e3o (2020)<\/h2>\n\n\n\n<div data-wp-interactive=\"core\/file\" class=\"wp-block-file\"><object data-wp-bind--hidden=\"!state.hasPdfPreview\" hidden class=\"wp-block-file__embed\" data=\"https:\/\/maxwelldossantos.com.br\/wp-content\/uploads\/2022\/03\/Centro-de-Estudos-e-Formacao-Edicao-de-Video.pdf\" type=\"application\/pdf\" style=\"width:100%;height:600px\" aria-label=\"Incorporado de Incorporado de Centro-de-Estudos-e-Formacao-Edicao-de-Video..\"><\/object><a id=\"wp-block-file--media-dec0dace-865d-4ddb-8546-11a1e031e2ef\" href=\"https:\/\/maxwelldossantos.com.br\/wp-content\/uploads\/2022\/03\/Centro-de-Estudos-e-Formacao-Edicao-de-Video.pdf\">Centro-de-Estudos-e-Formacao-Edicao-de-Video<\/a><a href=\"https:\/\/maxwelldossantos.com.br\/wp-content\/uploads\/2022\/03\/Centro-de-Estudos-e-Formacao-Edicao-de-Video.pdf\" class=\"wp-block-file__button\" download aria-describedby=\"wp-block-file--media-dec0dace-865d-4ddb-8546-11a1e031e2ef\">Baixar<\/a><\/div>\n\n\n\n<h2 class=\"wp-block-heading\">Curso Como fazer v\u00eddeos para Internet- Centro de Estudos e Forma\u00e7\u00e3o (2021)<\/h2>\n\n\n\n<div data-wp-interactive=\"core\/file\" class=\"wp-block-file\"><object data-wp-bind--hidden=\"!state.hasPdfPreview\" hidden class=\"wp-block-file__embed\" data=\"https:\/\/maxwelldossantos.com.br\/wp-content\/uploads\/2022\/03\/Centro-de-Estudos-e-Formacao-Como-Fazer-Videos-para-Internet.pdf\" type=\"application\/pdf\" style=\"width:100%;height:600px\" aria-label=\"Incorporado de Incorporado de Centro-de-Estudos-e-Formacao-Como-Fazer-Videos-para-Internet..\"><\/object><a id=\"wp-block-file--media-a359feb4-b12e-457a-b594-eccc47405b03\" href=\"https:\/\/maxwelldossantos.com.br\/wp-content\/uploads\/2022\/03\/Centro-de-Estudos-e-Formacao-Como-Fazer-Videos-para-Internet.pdf\">Centro-de-Estudos-e-Formacao-Como-Fazer-Videos-para-Internet<\/a><a href=\"https:\/\/maxwelldossantos.com.br\/wp-content\/uploads\/2022\/03\/Centro-de-Estudos-e-Formacao-Como-Fazer-Videos-para-Internet.pdf\" class=\"wp-block-file__button\" download aria-describedby=\"wp-block-file--media-a359feb4-b12e-457a-b594-eccc47405b03\">Baixar<\/a><\/div>\n\n\n\n<h2 class=\"wp-block-heading\">Oficina Profissionalizante de Audiovisual em Edi\u00e7\u00e3o N\u00e3o Linear em DaVinci Resolve &#8211; Centro de Estudos e Forma\u00e7\u00e3o (2022)<\/h2>\n\n\n\n<div data-wp-interactive=\"core\/file\" class=\"wp-block-file\"><object data-wp-bind--hidden=\"!state.hasPdfPreview\" hidden class=\"wp-block-file__embed\" data=\"https:\/\/maxwelldossantos.com.br\/wp-content\/uploads\/2022\/03\/ONG-Transforme-Oficina-de-Edicao-de-Video-com-DAVINCI-RESOLVE.pdf\" type=\"application\/pdf\" style=\"width:100%;height:600px\" aria-label=\"Incorporado de Incorporado de ONG-Transforme-Oficina-de-Edicao-de-Video-com-DAVINCI-RESOLVE..\"><\/object><a id=\"wp-block-file--media-7fa05633-0427-42dd-ba2d-1d0263fc3594\" href=\"https:\/\/maxwelldossantos.com.br\/wp-content\/uploads\/2022\/03\/ONG-Transforme-Oficina-de-Edicao-de-Video-com-DAVINCI-RESOLVE.pdf\">ONG-Transforme-Oficina-de-Edicao-de-Video-com-DAVINCI-RESOLVE<\/a><a href=\"https:\/\/maxwelldossantos.com.br\/wp-content\/uploads\/2022\/03\/ONG-Transforme-Oficina-de-Edicao-de-Video-com-DAVINCI-RESOLVE.pdf\" class=\"wp-block-file__button\" download aria-describedby=\"wp-block-file--media-7fa05633-0427-42dd-ba2d-1d0263fc3594\">Baixar<\/a><\/div>\n\n\n\n<h2 class=\"wp-block-heading\">Curso de Google Ads B\u00e1sico &#8211; MX Cursos (2021)<\/h2>\n\n\n\n<div data-wp-interactive=\"core\/file\" class=\"wp-block-file\"><object data-wp-bind--hidden=\"!state.hasPdfPreview\" hidden class=\"wp-block-file__embed\" data=\"https:\/\/maxwelldossantos.com.br\/wp-content\/uploads\/2022\/03\/MX-Cursos-Google-Ads-Basico-1.pdf\" type=\"application\/pdf\" style=\"width:100%;height:600px\" aria-label=\"Incorporado de Incorporado de MX-Cursos-Google-Ads-Basico-1..\"><\/object><a id=\"wp-block-file--media-f5c1b545-e913-41c5-aa7c-070cda164cfb\" href=\"https:\/\/maxwelldossantos.com.br\/wp-content\/uploads\/2022\/03\/MX-Cursos-Google-Ads-Basico-1.pdf\">MX-Cursos-Google-Ads-Basico-1<\/a><a href=\"https:\/\/maxwelldossantos.com.br\/wp-content\/uploads\/2022\/03\/MX-Cursos-Google-Ads-Basico-1.pdf\" class=\"wp-block-file__button\" download aria-describedby=\"wp-block-file--media-f5c1b545-e913-41c5-aa7c-070cda164cfb\">Baixar<\/a><\/div>\n","protected":false},"excerpt":{"rendered":"<p>T\u00e9cnico em Multim\u00eddia &#8211; CEET Vasco Coutinho (2016) Licenciado em Letras &#8211; Instituto Federal do Esp\u00edrito Santo (2021) Licenciado em Hist\u00f3ria &#8211; Centro Universit\u00e1rio Internacional (2022) Especialista em Revis\u00e3o de Textos &#8211; Faculdade Facuminas (2021) MBA EM Marketing e M\u00eddias Digitais &#8211; Faculdade Facuminas (2022) Curso Copywriting Essencial &#8211; MX Cursos (2021) Curso de T\u00e9cnicas [&hellip;]<\/p>\n","protected":false},"author":1,"featured_media":0,"parent":0,"menu_order":0,"comment_status":"closed","ping_status":"closed","template":"","meta":{"saved_in_kubio":false,"_monsterinsights_skip_tracking":false,"_monsterinsights_sitenote_active":false,"_monsterinsights_sitenote_note":"","_monsterinsights_sitenote_category":0,"footnotes":""},"class_list":["post-144","page","type-page","status-publish","hentry"],"kubio_ai_page_context":{"short_desc":"","purpose":"general"},"yoast_head":"<!-- This site is optimized with the Yoast SEO plugin v26.8 - https:\/\/yoast.com\/product\/yoast-seo-wordpress\/ -->\n<title>Diplomas e Certificados - Maxwell dos Santos<\/title>\n<meta name=\"robots\" content=\"index, follow, max-snippet:-1, max-image-preview:large, max-video-preview:-1\" \/>\n<link rel=\"canonical\" href=\"https:\/\/maxwelldossantos.com.br\/index.php\/diplomas-e-certificados\/\" \/>\n<meta property=\"og:locale\" content=\"pt_BR\" \/>\n<meta property=\"og:type\" content=\"article\" \/>\n<meta property=\"og:title\" content=\"Diplomas e Certificados - Maxwell dos Santos\" \/>\n<meta property=\"og:description\" content=\"T\u00e9cnico em Multim\u00eddia &#8211; CEET Vasco Coutinho (2016) Licenciado em Letras &#8211; Instituto Federal do Esp\u00edrito Santo (2021) Licenciado em Hist\u00f3ria &#8211; Centro Universit\u00e1rio Internacional (2022) Especialista em Revis\u00e3o de Textos &#8211; Faculdade Facuminas (2021) MBA EM Marketing e M\u00eddias Digitais &#8211; Faculdade Facuminas (2022) Curso Copywriting Essencial &#8211; MX Cursos (2021) Curso de T\u00e9cnicas [&hellip;]\" \/>\n<meta property=\"og:url\" content=\"https:\/\/maxwelldossantos.com.br\/index.php\/diplomas-e-certificados\/\" \/>\n<meta property=\"og:site_name\" content=\"Maxwell dos Santos\" \/>\n<meta property=\"article:modified_time\" content=\"2022-07-17T17:22:00+00:00\" \/>\n<meta name=\"twitter:card\" content=\"summary_large_image\" \/>\n<meta name=\"twitter:label1\" content=\"Est. tempo de leitura\" \/>\n\t<meta name=\"twitter:data1\" content=\"1 minuto\" \/>\n<script type=\"application\/ld+json\" class=\"yoast-schema-graph\">{\"@context\":\"https:\/\/schema.org\",\"@graph\":[{\"@type\":\"WebPage\",\"@id\":\"https:\/\/maxwelldossantos.com.br\/index.php\/diplomas-e-certificados\/\",\"url\":\"https:\/\/maxwelldossantos.com.br\/index.php\/diplomas-e-certificados\/\",\"name\":\"Diplomas e Certificados - Maxwell dos Santos\",\"isPartOf\":{\"@id\":\"https:\/\/maxwelldossantos.com.br\/#website\"},\"datePublished\":\"2022-03-13T20:21:36+00:00\",\"dateModified\":\"2022-07-17T17:22:00+00:00\",\"breadcrumb\":{\"@id\":\"https:\/\/maxwelldossantos.com.br\/index.php\/diplomas-e-certificados\/#breadcrumb\"},\"inLanguage\":\"pt-BR\",\"potentialAction\":[{\"@type\":\"ReadAction\",\"target\":[\"https:\/\/maxwelldossantos.com.br\/index.php\/diplomas-e-certificados\/\"]}]},{\"@type\":\"BreadcrumbList\",\"@id\":\"https:\/\/maxwelldossantos.com.br\/index.php\/diplomas-e-certificados\/#breadcrumb\",\"itemListElement\":[{\"@type\":\"ListItem\",\"position\":1,\"name\":\"In\u00edcio\",\"item\":\"https:\/\/maxwelldossantos.com.br\/\"},{\"@type\":\"ListItem\",\"position\":2,\"name\":\"Diplomas e Certificados\"}]},{\"@type\":\"WebSite\",\"@id\":\"https:\/\/maxwelldossantos.com.br\/#website\",\"url\":\"https:\/\/maxwelldossantos.com.br\/\",\"name\":\"Maxwell dos Santos\",\"description\":\"Escritor, jornalista, redator SEO, revisor de textos, editor de v\u00eddeo,\",\"publisher\":{\"@id\":\"https:\/\/maxwelldossantos.com.br\/#organization\"},\"potentialAction\":[{\"@type\":\"SearchAction\",\"target\":{\"@type\":\"EntryPoint\",\"urlTemplate\":\"https:\/\/maxwelldossantos.com.br\/?s={search_term_string}\"},\"query-input\":{\"@type\":\"PropertyValueSpecification\",\"valueRequired\":true,\"valueName\":\"search_term_string\"}}],\"inLanguage\":\"pt-BR\"},{\"@type\":\"Organization\",\"@id\":\"https:\/\/maxwelldossantos.com.br\/#organization\",\"name\":\"Maxwell dos Santos\",\"url\":\"https:\/\/maxwelldossantos.com.br\/\",\"logo\":{\"@type\":\"ImageObject\",\"inLanguage\":\"pt-BR\",\"@id\":\"https:\/\/maxwelldossantos.com.br\/#\/schema\/logo\/image\/\",\"url\":\"https:\/\/maxwelldossantos.com.br\/wp-content\/uploads\/2022\/03\/cropped-cropped-Cabecalho-e-Rodape-Carta-Timbrada.png\",\"contentUrl\":\"https:\/\/maxwelldossantos.com.br\/wp-content\/uploads\/2022\/03\/cropped-cropped-Cabecalho-e-Rodape-Carta-Timbrada.png\",\"width\":655,\"height\":188,\"caption\":\"Maxwell dos Santos\"},\"image\":{\"@id\":\"https:\/\/maxwelldossantos.com.br\/#\/schema\/logo\/image\/\"}}]}<\/script>\n<!-- \/ Yoast SEO plugin. -->","yoast_head_json":{"title":"Diplomas e Certificados - Maxwell dos Santos","robots":{"index":"index","follow":"follow","max-snippet":"max-snippet:-1","max-image-preview":"max-image-preview:large","max-video-preview":"max-video-preview:-1"},"canonical":"https:\/\/maxwelldossantos.com.br\/index.php\/diplomas-e-certificados\/","og_locale":"pt_BR","og_type":"article","og_title":"Diplomas e Certificados - Maxwell dos Santos","og_description":"T\u00e9cnico em Multim\u00eddia &#8211; CEET Vasco Coutinho (2016) Licenciado em Letras &#8211; Instituto Federal do Esp\u00edrito Santo (2021) Licenciado em Hist\u00f3ria &#8211; Centro Universit\u00e1rio Internacional (2022) Especialista em Revis\u00e3o de Textos &#8211; Faculdade Facuminas (2021) MBA EM Marketing e M\u00eddias Digitais &#8211; Faculdade Facuminas (2022) Curso Copywriting Essencial &#8211; MX Cursos (2021) Curso de T\u00e9cnicas [&hellip;]","og_url":"https:\/\/maxwelldossantos.com.br\/index.php\/diplomas-e-certificados\/","og_site_name":"Maxwell dos Santos","article_modified_time":"2022-07-17T17:22:00+00:00","twitter_card":"summary_large_image","twitter_misc":{"Est. tempo de leitura":"1 minuto"},"schema":{"@context":"https:\/\/schema.org","@graph":[{"@type":"WebPage","@id":"https:\/\/maxwelldossantos.com.br\/index.php\/diplomas-e-certificados\/","url":"https:\/\/maxwelldossantos.com.br\/index.php\/diplomas-e-certificados\/","name":"Diplomas e Certificados - Maxwell dos Santos","isPartOf":{"@id":"https:\/\/maxwelldossantos.com.br\/#website"},"datePublished":"2022-03-13T20:21:36+00:00","dateModified":"2022-07-17T17:22:00+00:00","breadcrumb":{"@id":"https:\/\/maxwelldossantos.com.br\/index.php\/diplomas-e-certificados\/#breadcrumb"},"inLanguage":"pt-BR","potentialAction":[{"@type":"ReadAction","target":["https:\/\/maxwelldossantos.com.br\/index.php\/diplomas-e-certificados\/"]}]},{"@type":"BreadcrumbList","@id":"https:\/\/maxwelldossantos.com.br\/index.php\/diplomas-e-certificados\/#breadcrumb","itemListElement":[{"@type":"ListItem","position":1,"name":"In\u00edcio","item":"https:\/\/maxwelldossantos.com.br\/"},{"@type":"ListItem","position":2,"name":"Diplomas e Certificados"}]},{"@type":"WebSite","@id":"https:\/\/maxwelldossantos.com.br\/#website","url":"https:\/\/maxwelldossantos.com.br\/","name":"Maxwell dos Santos","description":"Escritor, jornalista, redator SEO, revisor de textos, editor de v\u00eddeo,","publisher":{"@id":"https:\/\/maxwelldossantos.com.br\/#organization"},"potentialAction":[{"@type":"SearchAction","target":{"@type":"EntryPoint","urlTemplate":"https:\/\/maxwelldossantos.com.br\/?s={search_term_string}"},"query-input":{"@type":"PropertyValueSpecification","valueRequired":true,"valueName":"search_term_string"}}],"inLanguage":"pt-BR"},{"@type":"Organization","@id":"https:\/\/maxwelldossantos.com.br\/#organization","name":"Maxwell dos Santos","url":"https:\/\/maxwelldossantos.com.br\/","logo":{"@type":"ImageObject","inLanguage":"pt-BR","@id":"https:\/\/maxwelldossantos.com.br\/#\/schema\/logo\/image\/","url":"https:\/\/maxwelldossantos.com.br\/wp-content\/uploads\/2022\/03\/cropped-cropped-Cabecalho-e-Rodape-Carta-Timbrada.png","contentUrl":"https:\/\/maxwelldossantos.com.br\/wp-content\/uploads\/2022\/03\/cropped-cropped-Cabecalho-e-Rodape-Carta-Timbrada.png","width":655,"height":188,"caption":"Maxwell dos Santos"},"image":{"@id":"https:\/\/maxwelldossantos.com.br\/#\/schema\/logo\/image\/"}}]}},"_links":{"self":[{"href":"https:\/\/maxwelldossantos.com.br\/index.php\/wp-json\/wp\/v2\/pages\/144","targetHints":{"allow":["GET"]}}],"collection":[{"href":"https:\/\/maxwelldossantos.com.br\/index.php\/wp-json\/wp\/v2\/pages"}],"about":[{"href":"https:\/\/maxwelldossantos.com.br\/index.php\/wp-json\/wp\/v2\/types\/page"}],"author":[{"embeddable":true,"href":"https:\/\/maxwelldossantos.com.br\/index.php\/wp-json\/wp\/v2\/users\/1"}],"replies":[{"embeddable":true,"href":"https:\/\/maxwelldossantos.com.br\/index.php\/wp-json\/wp\/v2\/comments?post=144"}],"version-history":[{"count":4,"href":"https:\/\/maxwelldossantos.com.br\/index.php\/wp-json\/wp\/v2\/pages\/144\/revisions"}],"predecessor-version":[{"id":210,"href":"https:\/\/maxwelldossantos.com.br\/index.php\/wp-json\/wp\/v2\/pages\/144\/revisions\/210"}],"wp:attachment":[{"href":"https:\/\/maxwelldossantos.com.br\/index.php\/wp-json\/wp\/v2\/media?parent=144"}],"curies":[{"name":"wp","href":"https:\/\/api.w.org\/{rel}","templated":true}]}}