{"id":22,"date":"2022-03-13T12:51:57","date_gmt":"2022-03-13T15:51:57","guid":{"rendered":"http:\/\/maxwelldossantos.com.br\/?page_id=22"},"modified":"2022-03-13T16:15:53","modified_gmt":"2022-03-13T19:15:53","slug":"o-aniversario-solidario-de-cecilia","status":"publish","type":"page","link":"https:\/\/maxwelldossantos.com.br\/index.php\/livros\/o-aniversario-solidario-de-cecilia\/","title":{"rendered":"O anivers\u00e1rio solid\u00e1rio de Cec\u00edlia"},"content":{"rendered":"\n<figure class=\"wp-block-image size-large\"><img loading=\"lazy\" decoding=\"async\" width=\"1024\" height=\"1024\" src=\"https:\/\/maxwelldossantos.com.br\/wp-content\/uploads\/2022\/03\/WhatsApp-Image-2020-10-21-at-00.32.13-1024x1024.jpeg\" alt=\"\" class=\"wp-image-108\" srcset=\"https:\/\/maxwelldossantos.com.br\/wp-content\/uploads\/2022\/03\/WhatsApp-Image-2020-10-21-at-00.32.13-1024x1024.jpeg 1024w, https:\/\/maxwelldossantos.com.br\/wp-content\/uploads\/2022\/03\/WhatsApp-Image-2020-10-21-at-00.32.13-300x300.jpeg 300w, https:\/\/maxwelldossantos.com.br\/wp-content\/uploads\/2022\/03\/WhatsApp-Image-2020-10-21-at-00.32.13-150x150.jpeg 150w, https:\/\/maxwelldossantos.com.br\/wp-content\/uploads\/2022\/03\/WhatsApp-Image-2020-10-21-at-00.32.13-768x768.jpeg 768w, https:\/\/maxwelldossantos.com.br\/wp-content\/uploads\/2022\/03\/WhatsApp-Image-2020-10-21-at-00.32.13.jpeg 1276w\" sizes=\"(max-width: 1024px) 100vw, 1024px\" \/><\/figure>\n\n\n\n<p>Baseado numa hist\u00f3ria real ocorrida no Rio de Janeiro, o e-book infantil conta a est\u00f3ria de Cec\u00edlia, uma menina pretinha que ao completar oito anos, pede aos pais que em vez de fazer a festa de anivers\u00e1rio, fa\u00e7a a distribui\u00e7\u00e3o de marmitas de feijoada com macarr\u00e3o para pessoas em situa\u00e7\u00e3o de rua de Vit\u00f3ria.<\/p>\n\n\n\n<p>A obra, al\u00e9m de trazer uma mensagem de esperan\u00e7a \u00e0s crian\u00e7as que est\u00e3o enfrentando o contexto do distanciamento social em virtude da pandemia da Covid-19, serve como instrumento de visibilidade do protagonismo de crian\u00e7as negras na literatura infantil, ainda pautada pelo modelo euroc\u00eantrico.<\/p>\n\n\n\n<div data-wp-interactive=\"core\/file\" class=\"wp-block-file\"><object data-wp-bind--hidden=\"!state.hasPdfPreview\" hidden class=\"wp-block-file__embed\" data=\"https:\/\/maxwelldossantos.com.br\/wp-content\/uploads\/2022\/03\/oaniversariosolidariodececilia.pdf\" type=\"application\/pdf\" style=\"width:100%;height:600px\" aria-label=\"Incorporado de Incorporado de oaniversariosolidariodececilia..\"><\/object><a id=\"wp-block-file--media-a0e7866d-6918-405e-8096-6c08b5284776\" href=\"https:\/\/maxwelldossantos.com.br\/wp-content\/uploads\/2022\/03\/oaniversariosolidariodececilia.pdf\">oaniversariosolidariodececilia<\/a><a href=\"https:\/\/maxwelldossantos.com.br\/wp-content\/uploads\/2022\/03\/oaniversariosolidariodececilia.pdf\" class=\"wp-block-file__button\" download aria-describedby=\"wp-block-file--media-a0e7866d-6918-405e-8096-6c08b5284776\">Baixar<\/a><\/div>\n","protected":false},"excerpt":{"rendered":"<p>Baseado numa hist\u00f3ria real ocorrida no Rio de Janeiro, o e-book infantil conta a est\u00f3ria de Cec\u00edlia, uma menina pretinha que ao completar oito anos, pede aos pais que em vez de fazer a festa de anivers\u00e1rio, fa\u00e7a a distribui\u00e7\u00e3o de marmitas de feijoada com macarr\u00e3o para pessoas em situa\u00e7\u00e3o de rua de Vit\u00f3ria. A [&hellip;]<\/p>\n","protected":false},"author":1,"featured_media":0,"parent":11,"menu_order":0,"comment_status":"closed","ping_status":"closed","template":"","meta":{"saved_in_kubio":false,"_monsterinsights_skip_tracking":false,"_monsterinsights_sitenote_active":false,"_monsterinsights_sitenote_note":"","_monsterinsights_sitenote_category":0,"footnotes":""},"class_list":["post-22","page","type-page","status-publish","hentry"],"kubio_ai_page_context":{"short_desc":"","purpose":"general"},"yoast_head":"<!-- This site is optimized with the Yoast SEO plugin v26.8 - https:\/\/yoast.com\/product\/yoast-seo-wordpress\/ -->\n<title>O anivers\u00e1rio solid\u00e1rio de Cec\u00edlia - Maxwell dos Santos<\/title>\n<meta name=\"description\" content=\"Livro que serve como instrumento de visibilidade do protagonismo de crian\u00e7as negras na literatura infantil, ainda pautada pelo modelo euroc\u00eantrico.\" \/>\n<meta name=\"robots\" content=\"index, follow, max-snippet:-1, max-image-preview:large, max-video-preview:-1\" \/>\n<link rel=\"canonical\" href=\"https:\/\/maxwelldossantos.com.br\/index.php\/livros\/o-aniversario-solidario-de-cecilia\/\" \/>\n<meta property=\"og:locale\" content=\"pt_BR\" \/>\n<meta property=\"og:type\" content=\"article\" \/>\n<meta property=\"og:title\" content=\"O anivers\u00e1rio solid\u00e1rio de Cec\u00edlia - Maxwell dos Santos\" \/>\n<meta property=\"og:description\" content=\"Livro que serve como instrumento de visibilidade do protagonismo de crian\u00e7as negras na literatura infantil, ainda pautada pelo modelo euroc\u00eantrico.\" \/>\n<meta property=\"og:url\" content=\"https:\/\/maxwelldossantos.com.br\/index.php\/livros\/o-aniversario-solidario-de-cecilia\/\" \/>\n<meta property=\"og:site_name\" content=\"Maxwell dos Santos\" \/>\n<meta property=\"article:modified_time\" content=\"2022-03-13T19:15:53+00:00\" \/>\n<meta property=\"og:image\" content=\"http:\/\/maxwelldossantos.com.br\/wp-content\/uploads\/2022\/03\/WhatsApp-Image-2020-10-21-at-00.32.13-1024x1024.jpeg\" \/>\n<meta name=\"twitter:card\" content=\"summary_large_image\" \/>\n<meta name=\"twitter:label1\" content=\"Est. tempo de leitura\" \/>\n\t<meta name=\"twitter:data1\" content=\"1 minuto\" \/>\n<script type=\"application\/ld+json\" class=\"yoast-schema-graph\">{\"@context\":\"https:\/\/schema.org\",\"@graph\":[{\"@type\":\"WebPage\",\"@id\":\"https:\/\/maxwelldossantos.com.br\/index.php\/livros\/o-aniversario-solidario-de-cecilia\/\",\"url\":\"https:\/\/maxwelldossantos.com.br\/index.php\/livros\/o-aniversario-solidario-de-cecilia\/\",\"name\":\"O anivers\u00e1rio solid\u00e1rio de Cec\u00edlia - Maxwell dos Santos\",\"isPartOf\":{\"@id\":\"https:\/\/maxwelldossantos.com.br\/#website\"},\"primaryImageOfPage\":{\"@id\":\"https:\/\/maxwelldossantos.com.br\/index.php\/livros\/o-aniversario-solidario-de-cecilia\/#primaryimage\"},\"image\":{\"@id\":\"https:\/\/maxwelldossantos.com.br\/index.php\/livros\/o-aniversario-solidario-de-cecilia\/#primaryimage\"},\"thumbnailUrl\":\"http:\/\/maxwelldossantos.com.br\/wp-content\/uploads\/2022\/03\/WhatsApp-Image-2020-10-21-at-00.32.13-1024x1024.jpeg\",\"datePublished\":\"2022-03-13T15:51:57+00:00\",\"dateModified\":\"2022-03-13T19:15:53+00:00\",\"description\":\"Livro que serve como instrumento de visibilidade do protagonismo de crian\u00e7as negras na literatura infantil, ainda pautada pelo modelo euroc\u00eantrico.\",\"breadcrumb\":{\"@id\":\"https:\/\/maxwelldossantos.com.br\/index.php\/livros\/o-aniversario-solidario-de-cecilia\/#breadcrumb\"},\"inLanguage\":\"pt-BR\",\"potentialAction\":[{\"@type\":\"ReadAction\",\"target\":[\"https:\/\/maxwelldossantos.com.br\/index.php\/livros\/o-aniversario-solidario-de-cecilia\/\"]}]},{\"@type\":\"ImageObject\",\"inLanguage\":\"pt-BR\",\"@id\":\"https:\/\/maxwelldossantos.com.br\/index.php\/livros\/o-aniversario-solidario-de-cecilia\/#primaryimage\",\"url\":\"https:\/\/maxwelldossantos.com.br\/wp-content\/uploads\/2022\/03\/WhatsApp-Image-2020-10-21-at-00.32.13.jpeg\",\"contentUrl\":\"https:\/\/maxwelldossantos.com.br\/wp-content\/uploads\/2022\/03\/WhatsApp-Image-2020-10-21-at-00.32.13.jpeg\",\"width\":1276,\"height\":1276},{\"@type\":\"BreadcrumbList\",\"@id\":\"https:\/\/maxwelldossantos.com.br\/index.php\/livros\/o-aniversario-solidario-de-cecilia\/#breadcrumb\",\"itemListElement\":[{\"@type\":\"ListItem\",\"position\":1,\"name\":\"In\u00edcio\",\"item\":\"https:\/\/maxwelldossantos.com.br\/\"},{\"@type\":\"ListItem\",\"position\":2,\"name\":\"Livros\",\"item\":\"https:\/\/maxwelldossantos.com.br\/index.php\/livros\/\"},{\"@type\":\"ListItem\",\"position\":3,\"name\":\"O anivers\u00e1rio solid\u00e1rio de Cec\u00edlia\"}]},{\"@type\":\"WebSite\",\"@id\":\"https:\/\/maxwelldossantos.com.br\/#website\",\"url\":\"https:\/\/maxwelldossantos.com.br\/\",\"name\":\"Maxwell dos Santos\",\"description\":\"Escritor, jornalista, redator SEO, revisor de textos, editor de v\u00eddeo,\",\"publisher\":{\"@id\":\"https:\/\/maxwelldossantos.com.br\/#organization\"},\"potentialAction\":[{\"@type\":\"SearchAction\",\"target\":{\"@type\":\"EntryPoint\",\"urlTemplate\":\"https:\/\/maxwelldossantos.com.br\/?s={search_term_string}\"},\"query-input\":{\"@type\":\"PropertyValueSpecification\",\"valueRequired\":true,\"valueName\":\"search_term_string\"}}],\"inLanguage\":\"pt-BR\"},{\"@type\":\"Organization\",\"@id\":\"https:\/\/maxwelldossantos.com.br\/#organization\",\"name\":\"Maxwell dos Santos\",\"url\":\"https:\/\/maxwelldossantos.com.br\/\",\"logo\":{\"@type\":\"ImageObject\",\"inLanguage\":\"pt-BR\",\"@id\":\"https:\/\/maxwelldossantos.com.br\/#\/schema\/logo\/image\/\",\"url\":\"https:\/\/maxwelldossantos.com.br\/wp-content\/uploads\/2022\/03\/cropped-cropped-Cabecalho-e-Rodape-Carta-Timbrada.png\",\"contentUrl\":\"https:\/\/maxwelldossantos.com.br\/wp-content\/uploads\/2022\/03\/cropped-cropped-Cabecalho-e-Rodape-Carta-Timbrada.png\",\"width\":655,\"height\":188,\"caption\":\"Maxwell dos Santos\"},\"image\":{\"@id\":\"https:\/\/maxwelldossantos.com.br\/#\/schema\/logo\/image\/\"}}]}<\/script>\n<!-- \/ Yoast SEO plugin. -->","yoast_head_json":{"title":"O anivers\u00e1rio solid\u00e1rio de Cec\u00edlia - Maxwell dos Santos","description":"Livro que serve como instrumento de visibilidade do protagonismo de crian\u00e7as negras na literatura infantil, ainda pautada pelo modelo euroc\u00eantrico.","robots":{"index":"index","follow":"follow","max-snippet":"max-snippet:-1","max-image-preview":"max-image-preview:large","max-video-preview":"max-video-preview:-1"},"canonical":"https:\/\/maxwelldossantos.com.br\/index.php\/livros\/o-aniversario-solidario-de-cecilia\/","og_locale":"pt_BR","og_type":"article","og_title":"O anivers\u00e1rio solid\u00e1rio de Cec\u00edlia - Maxwell dos Santos","og_description":"Livro que serve como instrumento de visibilidade do protagonismo de crian\u00e7as negras na literatura infantil, ainda pautada pelo modelo euroc\u00eantrico.","og_url":"https:\/\/maxwelldossantos.com.br\/index.php\/livros\/o-aniversario-solidario-de-cecilia\/","og_site_name":"Maxwell dos Santos","article_modified_time":"2022-03-13T19:15:53+00:00","og_image":[{"url":"http:\/\/maxwelldossantos.com.br\/wp-content\/uploads\/2022\/03\/WhatsApp-Image-2020-10-21-at-00.32.13-1024x1024.jpeg","type":"","width":"","height":""}],"twitter_card":"summary_large_image","twitter_misc":{"Est. tempo de leitura":"1 minuto"},"schema":{"@context":"https:\/\/schema.org","@graph":[{"@type":"WebPage","@id":"https:\/\/maxwelldossantos.com.br\/index.php\/livros\/o-aniversario-solidario-de-cecilia\/","url":"https:\/\/maxwelldossantos.com.br\/index.php\/livros\/o-aniversario-solidario-de-cecilia\/","name":"O anivers\u00e1rio solid\u00e1rio de Cec\u00edlia - Maxwell dos Santos","isPartOf":{"@id":"https:\/\/maxwelldossantos.com.br\/#website"},"primaryImageOfPage":{"@id":"https:\/\/maxwelldossantos.com.br\/index.php\/livros\/o-aniversario-solidario-de-cecilia\/#primaryimage"},"image":{"@id":"https:\/\/maxwelldossantos.com.br\/index.php\/livros\/o-aniversario-solidario-de-cecilia\/#primaryimage"},"thumbnailUrl":"http:\/\/maxwelldossantos.com.br\/wp-content\/uploads\/2022\/03\/WhatsApp-Image-2020-10-21-at-00.32.13-1024x1024.jpeg","datePublished":"2022-03-13T15:51:57+00:00","dateModified":"2022-03-13T19:15:53+00:00","description":"Livro que serve como instrumento de visibilidade do protagonismo de crian\u00e7as negras na literatura infantil, ainda pautada pelo modelo euroc\u00eantrico.","breadcrumb":{"@id":"https:\/\/maxwelldossantos.com.br\/index.php\/livros\/o-aniversario-solidario-de-cecilia\/#breadcrumb"},"inLanguage":"pt-BR","potentialAction":[{"@type":"ReadAction","target":["https:\/\/maxwelldossantos.com.br\/index.php\/livros\/o-aniversario-solidario-de-cecilia\/"]}]},{"@type":"ImageObject","inLanguage":"pt-BR","@id":"https:\/\/maxwelldossantos.com.br\/index.php\/livros\/o-aniversario-solidario-de-cecilia\/#primaryimage","url":"https:\/\/maxwelldossantos.com.br\/wp-content\/uploads\/2022\/03\/WhatsApp-Image-2020-10-21-at-00.32.13.jpeg","contentUrl":"https:\/\/maxwelldossantos.com.br\/wp-content\/uploads\/2022\/03\/WhatsApp-Image-2020-10-21-at-00.32.13.jpeg","width":1276,"height":1276},{"@type":"BreadcrumbList","@id":"https:\/\/maxwelldossantos.com.br\/index.php\/livros\/o-aniversario-solidario-de-cecilia\/#breadcrumb","itemListElement":[{"@type":"ListItem","position":1,"name":"In\u00edcio","item":"https:\/\/maxwelldossantos.com.br\/"},{"@type":"ListItem","position":2,"name":"Livros","item":"https:\/\/maxwelldossantos.com.br\/index.php\/livros\/"},{"@type":"ListItem","position":3,"name":"O anivers\u00e1rio solid\u00e1rio de Cec\u00edlia"}]},{"@type":"WebSite","@id":"https:\/\/maxwelldossantos.com.br\/#website","url":"https:\/\/maxwelldossantos.com.br\/","name":"Maxwell dos Santos","description":"Escritor, jornalista, redator SEO, revisor de textos, editor de v\u00eddeo,","publisher":{"@id":"https:\/\/maxwelldossantos.com.br\/#organization"},"potentialAction":[{"@type":"SearchAction","target":{"@type":"EntryPoint","urlTemplate":"https:\/\/maxwelldossantos.com.br\/?s={search_term_string}"},"query-input":{"@type":"PropertyValueSpecification","valueRequired":true,"valueName":"search_term_string"}}],"inLanguage":"pt-BR"},{"@type":"Organization","@id":"https:\/\/maxwelldossantos.com.br\/#organization","name":"Maxwell dos Santos","url":"https:\/\/maxwelldossantos.com.br\/","logo":{"@type":"ImageObject","inLanguage":"pt-BR","@id":"https:\/\/maxwelldossantos.com.br\/#\/schema\/logo\/image\/","url":"https:\/\/maxwelldossantos.com.br\/wp-content\/uploads\/2022\/03\/cropped-cropped-Cabecalho-e-Rodape-Carta-Timbrada.png","contentUrl":"https:\/\/maxwelldossantos.com.br\/wp-content\/uploads\/2022\/03\/cropped-cropped-Cabecalho-e-Rodape-Carta-Timbrada.png","width":655,"height":188,"caption":"Maxwell dos Santos"},"image":{"@id":"https:\/\/maxwelldossantos.com.br\/#\/schema\/logo\/image\/"}}]}},"_links":{"self":[{"href":"https:\/\/maxwelldossantos.com.br\/index.php\/wp-json\/wp\/v2\/pages\/22","targetHints":{"allow":["GET"]}}],"collection":[{"href":"https:\/\/maxwelldossantos.com.br\/index.php\/wp-json\/wp\/v2\/pages"}],"about":[{"href":"https:\/\/maxwelldossantos.com.br\/index.php\/wp-json\/wp\/v2\/types\/page"}],"author":[{"embeddable":true,"href":"https:\/\/maxwelldossantos.com.br\/index.php\/wp-json\/wp\/v2\/users\/1"}],"replies":[{"embeddable":true,"href":"https:\/\/maxwelldossantos.com.br\/index.php\/wp-json\/wp\/v2\/comments?post=22"}],"version-history":[{"count":4,"href":"https:\/\/maxwelldossantos.com.br\/index.php\/wp-json\/wp\/v2\/pages\/22\/revisions"}],"predecessor-version":[{"id":111,"href":"https:\/\/maxwelldossantos.com.br\/index.php\/wp-json\/wp\/v2\/pages\/22\/revisions\/111"}],"up":[{"embeddable":true,"href":"https:\/\/maxwelldossantos.com.br\/index.php\/wp-json\/wp\/v2\/pages\/11"}],"wp:attachment":[{"href":"https:\/\/maxwelldossantos.com.br\/index.php\/wp-json\/wp\/v2\/media?parent=22"}],"curies":[{"name":"wp","href":"https:\/\/api.w.org\/{rel}","templated":true}]}}