{"id":35,"date":"2022-03-13T12:58:43","date_gmt":"2022-03-13T15:58:43","guid":{"rendered":"http:\/\/maxwelldossantos.com.br\/?page_id=35"},"modified":"2022-03-13T16:21:57","modified_gmt":"2022-03-13T19:21:57","slug":"comensais-do-caos","status":"publish","type":"page","link":"https:\/\/maxwelldossantos.com.br\/index.php\/livros\/comensais-do-caos\/","title":{"rendered":"Comensais do Caos"},"content":{"rendered":"\n<figure class=\"wp-block-image size-large\"><img loading=\"lazy\" decoding=\"async\" width=\"722\" height=\"1024\" src=\"https:\/\/maxwelldossantos.com.br\/wp-content\/uploads\/2022\/03\/comensaisweb-3-722x1024.jpg\" alt=\"\" class=\"wp-image-113\" srcset=\"https:\/\/maxwelldossantos.com.br\/wp-content\/uploads\/2022\/03\/comensaisweb-3-722x1024.jpg 722w, https:\/\/maxwelldossantos.com.br\/wp-content\/uploads\/2022\/03\/comensaisweb-3-212x300.jpg 212w, https:\/\/maxwelldossantos.com.br\/wp-content\/uploads\/2022\/03\/comensaisweb-3-768x1089.jpg 768w, https:\/\/maxwelldossantos.com.br\/wp-content\/uploads\/2022\/03\/comensaisweb-3.jpg 900w\" sizes=\"(max-width: 722px) 100vw, 722px\" \/><\/figure>\n\n\n\n<p>Comensais do Caos \u00e9 um livro de contos que denuncia casos de viol\u00eancia obst\u00e9trica praticada por operadores da sa\u00fade, atrav\u00e9s das hist\u00f3rias das jovens Adriane, Isadora, Camilla e D\u00e9bora. O objetivo de Comensais do Caos \u00e9 lutar pela humaniza\u00e7\u00e3o do parto, enfatizando o protagonismo da mulher em tal processo fisiol\u00f3gico e autonomia da mesma em decidir como quer e onde quer parir.<\/p>\n\n\n\n<p>A obra foi prefaciada pela assistente social e doula Graziele Duda e apresentada pela psic\u00f3loga e educadora perinatal Bianca Martins.<\/p>\n\n\n\n<p>Segundo uma pesquisa da Funda\u00e7\u00e3o Perseu Abramo, uma em cada quatro mulheres \u00e9 v\u00edtima de viol\u00eancia obst\u00e9trica durante o parto no Brasil. O Brasil \u00e9 o pa\u00eds recordista mundial de cesarianas. Dados da Fiocruz apontam que 52% dos partos feitos pelo Sistema \u00danico de Sa\u00fade (SUS) s\u00e3o ces\u00e1reas, chegando a 88% na rede privada \u2013 \u00edndices muito superiores aos 15% recomendados pela Organiza\u00e7\u00e3o Mundial da Sa\u00fade (OMS).<\/p>\n\n\n\n<div data-wp-interactive=\"core\/file\" class=\"wp-block-file\"><object data-wp-bind--hidden=\"!state.hasPdfPreview\" hidden class=\"wp-block-file__embed\" data=\"https:\/\/maxwelldossantos.com.br\/wp-content\/uploads\/2022\/03\/comensaisweb.pdf\" type=\"application\/pdf\" style=\"width:100%;height:600px\" aria-label=\"Incorporado de Incorporado de comensaisweb..\"><\/object><a id=\"wp-block-file--media-3c79e8fc-01b9-4bc0-85c7-fcc73e54945f\" href=\"https:\/\/maxwelldossantos.com.br\/wp-content\/uploads\/2022\/03\/comensaisweb.pdf\">comensaisweb<\/a><a href=\"https:\/\/maxwelldossantos.com.br\/wp-content\/uploads\/2022\/03\/comensaisweb.pdf\" class=\"wp-block-file__button\" download aria-describedby=\"wp-block-file--media-3c79e8fc-01b9-4bc0-85c7-fcc73e54945f\">Baixar<\/a><\/div>\n\n\n\n<p>Adquira na <a href=\"https:\/\/www.amazon.com.br\/Comensais-Caos-Maxwell-dos-Santos-ebook\/dp\/B08PG3XL1Y\" target=\"_blank\" rel=\"noreferrer noopener sponsored nofollow\">Amazon<\/a><\/p>\n","protected":false},"excerpt":{"rendered":"<p>Comensais do Caos \u00e9 um livro de contos que denuncia casos de viol\u00eancia obst\u00e9trica praticada por operadores da sa\u00fade, atrav\u00e9s das hist\u00f3rias das jovens Adriane, Isadora, Camilla e D\u00e9bora. O objetivo de Comensais do Caos \u00e9 lutar pela humaniza\u00e7\u00e3o do parto, enfatizando o protagonismo da mulher em tal processo fisiol\u00f3gico e autonomia da mesma em [&hellip;]<\/p>\n","protected":false},"author":1,"featured_media":0,"parent":11,"menu_order":0,"comment_status":"closed","ping_status":"closed","template":"","meta":{"saved_in_kubio":false,"_monsterinsights_skip_tracking":false,"_monsterinsights_sitenote_active":false,"_monsterinsights_sitenote_note":"","_monsterinsights_sitenote_category":0,"footnotes":""},"class_list":["post-35","page","type-page","status-publish","hentry"],"kubio_ai_page_context":{"short_desc":"","purpose":"general"},"yoast_head":"<!-- This site is optimized with the Yoast SEO plugin v26.8 - https:\/\/yoast.com\/product\/yoast-seo-wordpress\/ -->\n<title>Comensais do Caos - Maxwell dos Santos<\/title>\n<meta name=\"description\" content=\"Quatro contos que denunciam a violencia obstetrica.\" \/>\n<meta name=\"robots\" content=\"index, follow, max-snippet:-1, max-image-preview:large, max-video-preview:-1\" \/>\n<link rel=\"canonical\" href=\"https:\/\/maxwelldossantos.com.br\/index.php\/livros\/comensais-do-caos\/\" \/>\n<meta property=\"og:locale\" content=\"pt_BR\" \/>\n<meta property=\"og:type\" content=\"article\" \/>\n<meta property=\"og:title\" content=\"Comensais do Caos - Maxwell dos Santos\" \/>\n<meta property=\"og:description\" content=\"Quatro contos que denunciam a violencia obstetrica.\" \/>\n<meta property=\"og:url\" content=\"https:\/\/maxwelldossantos.com.br\/index.php\/livros\/comensais-do-caos\/\" \/>\n<meta property=\"og:site_name\" content=\"Maxwell dos Santos\" \/>\n<meta property=\"article:modified_time\" content=\"2022-03-13T19:21:57+00:00\" \/>\n<meta property=\"og:image\" content=\"http:\/\/maxwelldossantos.com.br\/wp-content\/uploads\/2022\/03\/comensaisweb-3-722x1024.jpg\" \/>\n<meta name=\"twitter:card\" content=\"summary_large_image\" \/>\n<meta name=\"twitter:label1\" content=\"Est. tempo de leitura\" \/>\n\t<meta name=\"twitter:data1\" content=\"2 minutos\" \/>\n<script type=\"application\/ld+json\" class=\"yoast-schema-graph\">{\"@context\":\"https:\/\/schema.org\",\"@graph\":[{\"@type\":\"WebPage\",\"@id\":\"https:\/\/maxwelldossantos.com.br\/index.php\/livros\/comensais-do-caos\/\",\"url\":\"https:\/\/maxwelldossantos.com.br\/index.php\/livros\/comensais-do-caos\/\",\"name\":\"Comensais do Caos - Maxwell dos Santos\",\"isPartOf\":{\"@id\":\"https:\/\/maxwelldossantos.com.br\/#website\"},\"primaryImageOfPage\":{\"@id\":\"https:\/\/maxwelldossantos.com.br\/index.php\/livros\/comensais-do-caos\/#primaryimage\"},\"image\":{\"@id\":\"https:\/\/maxwelldossantos.com.br\/index.php\/livros\/comensais-do-caos\/#primaryimage\"},\"thumbnailUrl\":\"http:\/\/maxwelldossantos.com.br\/wp-content\/uploads\/2022\/03\/comensaisweb-3-722x1024.jpg\",\"datePublished\":\"2022-03-13T15:58:43+00:00\",\"dateModified\":\"2022-03-13T19:21:57+00:00\",\"description\":\"Quatro contos que denunciam a violencia obstetrica.\",\"breadcrumb\":{\"@id\":\"https:\/\/maxwelldossantos.com.br\/index.php\/livros\/comensais-do-caos\/#breadcrumb\"},\"inLanguage\":\"pt-BR\",\"potentialAction\":[{\"@type\":\"ReadAction\",\"target\":[\"https:\/\/maxwelldossantos.com.br\/index.php\/livros\/comensais-do-caos\/\"]}]},{\"@type\":\"ImageObject\",\"inLanguage\":\"pt-BR\",\"@id\":\"https:\/\/maxwelldossantos.com.br\/index.php\/livros\/comensais-do-caos\/#primaryimage\",\"url\":\"https:\/\/maxwelldossantos.com.br\/wp-content\/uploads\/2022\/03\/comensaisweb-3.jpg\",\"contentUrl\":\"https:\/\/maxwelldossantos.com.br\/wp-content\/uploads\/2022\/03\/comensaisweb-3.jpg\",\"width\":900,\"height\":1276},{\"@type\":\"BreadcrumbList\",\"@id\":\"https:\/\/maxwelldossantos.com.br\/index.php\/livros\/comensais-do-caos\/#breadcrumb\",\"itemListElement\":[{\"@type\":\"ListItem\",\"position\":1,\"name\":\"In\u00edcio\",\"item\":\"https:\/\/maxwelldossantos.com.br\/\"},{\"@type\":\"ListItem\",\"position\":2,\"name\":\"Livros\",\"item\":\"https:\/\/maxwelldossantos.com.br\/index.php\/livros\/\"},{\"@type\":\"ListItem\",\"position\":3,\"name\":\"Comensais do Caos\"}]},{\"@type\":\"WebSite\",\"@id\":\"https:\/\/maxwelldossantos.com.br\/#website\",\"url\":\"https:\/\/maxwelldossantos.com.br\/\",\"name\":\"Maxwell dos Santos\",\"description\":\"Escritor, jornalista, redator SEO, revisor de textos, editor de v\u00eddeo,\",\"publisher\":{\"@id\":\"https:\/\/maxwelldossantos.com.br\/#organization\"},\"potentialAction\":[{\"@type\":\"SearchAction\",\"target\":{\"@type\":\"EntryPoint\",\"urlTemplate\":\"https:\/\/maxwelldossantos.com.br\/?s={search_term_string}\"},\"query-input\":{\"@type\":\"PropertyValueSpecification\",\"valueRequired\":true,\"valueName\":\"search_term_string\"}}],\"inLanguage\":\"pt-BR\"},{\"@type\":\"Organization\",\"@id\":\"https:\/\/maxwelldossantos.com.br\/#organization\",\"name\":\"Maxwell dos Santos\",\"url\":\"https:\/\/maxwelldossantos.com.br\/\",\"logo\":{\"@type\":\"ImageObject\",\"inLanguage\":\"pt-BR\",\"@id\":\"https:\/\/maxwelldossantos.com.br\/#\/schema\/logo\/image\/\",\"url\":\"https:\/\/maxwelldossantos.com.br\/wp-content\/uploads\/2022\/03\/cropped-cropped-Cabecalho-e-Rodape-Carta-Timbrada.png\",\"contentUrl\":\"https:\/\/maxwelldossantos.com.br\/wp-content\/uploads\/2022\/03\/cropped-cropped-Cabecalho-e-Rodape-Carta-Timbrada.png\",\"width\":655,\"height\":188,\"caption\":\"Maxwell dos Santos\"},\"image\":{\"@id\":\"https:\/\/maxwelldossantos.com.br\/#\/schema\/logo\/image\/\"}}]}<\/script>\n<!-- \/ Yoast SEO plugin. -->","yoast_head_json":{"title":"Comensais do Caos - Maxwell dos Santos","description":"Quatro contos que denunciam a violencia obstetrica.","robots":{"index":"index","follow":"follow","max-snippet":"max-snippet:-1","max-image-preview":"max-image-preview:large","max-video-preview":"max-video-preview:-1"},"canonical":"https:\/\/maxwelldossantos.com.br\/index.php\/livros\/comensais-do-caos\/","og_locale":"pt_BR","og_type":"article","og_title":"Comensais do Caos - Maxwell dos Santos","og_description":"Quatro contos que denunciam a violencia obstetrica.","og_url":"https:\/\/maxwelldossantos.com.br\/index.php\/livros\/comensais-do-caos\/","og_site_name":"Maxwell dos Santos","article_modified_time":"2022-03-13T19:21:57+00:00","og_image":[{"url":"http:\/\/maxwelldossantos.com.br\/wp-content\/uploads\/2022\/03\/comensaisweb-3-722x1024.jpg","type":"","width":"","height":""}],"twitter_card":"summary_large_image","twitter_misc":{"Est. tempo de leitura":"2 minutos"},"schema":{"@context":"https:\/\/schema.org","@graph":[{"@type":"WebPage","@id":"https:\/\/maxwelldossantos.com.br\/index.php\/livros\/comensais-do-caos\/","url":"https:\/\/maxwelldossantos.com.br\/index.php\/livros\/comensais-do-caos\/","name":"Comensais do Caos - Maxwell dos Santos","isPartOf":{"@id":"https:\/\/maxwelldossantos.com.br\/#website"},"primaryImageOfPage":{"@id":"https:\/\/maxwelldossantos.com.br\/index.php\/livros\/comensais-do-caos\/#primaryimage"},"image":{"@id":"https:\/\/maxwelldossantos.com.br\/index.php\/livros\/comensais-do-caos\/#primaryimage"},"thumbnailUrl":"http:\/\/maxwelldossantos.com.br\/wp-content\/uploads\/2022\/03\/comensaisweb-3-722x1024.jpg","datePublished":"2022-03-13T15:58:43+00:00","dateModified":"2022-03-13T19:21:57+00:00","description":"Quatro contos que denunciam a violencia obstetrica.","breadcrumb":{"@id":"https:\/\/maxwelldossantos.com.br\/index.php\/livros\/comensais-do-caos\/#breadcrumb"},"inLanguage":"pt-BR","potentialAction":[{"@type":"ReadAction","target":["https:\/\/maxwelldossantos.com.br\/index.php\/livros\/comensais-do-caos\/"]}]},{"@type":"ImageObject","inLanguage":"pt-BR","@id":"https:\/\/maxwelldossantos.com.br\/index.php\/livros\/comensais-do-caos\/#primaryimage","url":"https:\/\/maxwelldossantos.com.br\/wp-content\/uploads\/2022\/03\/comensaisweb-3.jpg","contentUrl":"https:\/\/maxwelldossantos.com.br\/wp-content\/uploads\/2022\/03\/comensaisweb-3.jpg","width":900,"height":1276},{"@type":"BreadcrumbList","@id":"https:\/\/maxwelldossantos.com.br\/index.php\/livros\/comensais-do-caos\/#breadcrumb","itemListElement":[{"@type":"ListItem","position":1,"name":"In\u00edcio","item":"https:\/\/maxwelldossantos.com.br\/"},{"@type":"ListItem","position":2,"name":"Livros","item":"https:\/\/maxwelldossantos.com.br\/index.php\/livros\/"},{"@type":"ListItem","position":3,"name":"Comensais do Caos"}]},{"@type":"WebSite","@id":"https:\/\/maxwelldossantos.com.br\/#website","url":"https:\/\/maxwelldossantos.com.br\/","name":"Maxwell dos Santos","description":"Escritor, jornalista, redator SEO, revisor de textos, editor de v\u00eddeo,","publisher":{"@id":"https:\/\/maxwelldossantos.com.br\/#organization"},"potentialAction":[{"@type":"SearchAction","target":{"@type":"EntryPoint","urlTemplate":"https:\/\/maxwelldossantos.com.br\/?s={search_term_string}"},"query-input":{"@type":"PropertyValueSpecification","valueRequired":true,"valueName":"search_term_string"}}],"inLanguage":"pt-BR"},{"@type":"Organization","@id":"https:\/\/maxwelldossantos.com.br\/#organization","name":"Maxwell dos Santos","url":"https:\/\/maxwelldossantos.com.br\/","logo":{"@type":"ImageObject","inLanguage":"pt-BR","@id":"https:\/\/maxwelldossantos.com.br\/#\/schema\/logo\/image\/","url":"https:\/\/maxwelldossantos.com.br\/wp-content\/uploads\/2022\/03\/cropped-cropped-Cabecalho-e-Rodape-Carta-Timbrada.png","contentUrl":"https:\/\/maxwelldossantos.com.br\/wp-content\/uploads\/2022\/03\/cropped-cropped-Cabecalho-e-Rodape-Carta-Timbrada.png","width":655,"height":188,"caption":"Maxwell dos Santos"},"image":{"@id":"https:\/\/maxwelldossantos.com.br\/#\/schema\/logo\/image\/"}}]}},"_links":{"self":[{"href":"https:\/\/maxwelldossantos.com.br\/index.php\/wp-json\/wp\/v2\/pages\/35","targetHints":{"allow":["GET"]}}],"collection":[{"href":"https:\/\/maxwelldossantos.com.br\/index.php\/wp-json\/wp\/v2\/pages"}],"about":[{"href":"https:\/\/maxwelldossantos.com.br\/index.php\/wp-json\/wp\/v2\/types\/page"}],"author":[{"embeddable":true,"href":"https:\/\/maxwelldossantos.com.br\/index.php\/wp-json\/wp\/v2\/users\/1"}],"replies":[{"embeddable":true,"href":"https:\/\/maxwelldossantos.com.br\/index.php\/wp-json\/wp\/v2\/comments?post=35"}],"version-history":[{"count":4,"href":"https:\/\/maxwelldossantos.com.br\/index.php\/wp-json\/wp\/v2\/pages\/35\/revisions"}],"predecessor-version":[{"id":116,"href":"https:\/\/maxwelldossantos.com.br\/index.php\/wp-json\/wp\/v2\/pages\/35\/revisions\/116"}],"up":[{"embeddable":true,"href":"https:\/\/maxwelldossantos.com.br\/index.php\/wp-json\/wp\/v2\/pages\/11"}],"wp:attachment":[{"href":"https:\/\/maxwelldossantos.com.br\/index.php\/wp-json\/wp\/v2\/media?parent=35"}],"curies":[{"name":"wp","href":"https:\/\/api.w.org\/{rel}","templated":true}]}}