{"id":47,"date":"2022-03-13T13:10:08","date_gmt":"2022-03-13T16:10:08","guid":{"rendered":"http:\/\/maxwelldossantos.com.br\/?page_id=47"},"modified":"2022-03-13T16:29:53","modified_gmt":"2022-03-13T19:29:53","slug":"o-trote-da-lista","status":"publish","type":"page","link":"https:\/\/maxwelldossantos.com.br\/index.php\/livros\/o-trote-da-lista\/","title":{"rendered":"O trote da lista"},"content":{"rendered":"\n<figure class=\"wp-block-image size-full\"><img loading=\"lazy\" decoding=\"async\" width=\"512\" height=\"800\" src=\"https:\/\/maxwelldossantos.com.br\/wp-content\/uploads\/2022\/03\/Capa-E-book-O-trote-da-lista.png\" alt=\"\" class=\"wp-image-121\" srcset=\"https:\/\/maxwelldossantos.com.br\/wp-content\/uploads\/2022\/03\/Capa-E-book-O-trote-da-lista.png 512w, https:\/\/maxwelldossantos.com.br\/wp-content\/uploads\/2022\/03\/Capa-E-book-O-trote-da-lista-192x300.png 192w\" sizes=\"(max-width: 512px) 100vw, 512px\" \/><\/figure>\n\n\n\n<p>Aos 17 anos, Leiliane, uma menina preta,\u00a0meiga e educada,\u00a0mora com a madrinha, ap\u00f3s perder a m\u00e3e, num acidente de \u00f4nibus, em 2007, e o pai estar desaparecido. \u00c9 dedicada aos estudos e sonha em ser m\u00e9dica. Faz o Enem e obt\u00e9m 880 pontos de m\u00e9dia. Por n\u00e3o possuir computador, pede a Tom\u00e1s um \u201camigo\u201d, para que fa\u00e7a sua inscri\u00e7\u00e3o no Sisu. Movido pela picardia, e a pedido de sua m\u00e3e, D\u00e9bora,Tom\u00e1s faz inscri\u00e7\u00e3o no Sisu em cursos\u00a0em que Leiliane\u00a0n\u00e3o deseja, al\u00e9m de gerar um print falso de uma aprova\u00e7\u00e3o na Universidade Federal do Esp\u00edrito Santo, no curso de Medicina.<\/p>\n\n\n\n<p>A m\u00e3e de Tom\u00e1s \u00e9 uma enfermeira ressentida que n\u00e3o passou em Medicina, al\u00e9m de afirmar que m\u00e9dicos negros n\u00e3o t\u00eam credibilidade, ao contr\u00e1rio de m\u00e9dicos brancos. Ela \u00e9 contra a\u00e7\u00f5es afirmativas, \u00e9 negacionista e antivacina, bem como o rapaz.<\/p>\n\n\n\n<p>Iludida com print falso, Leiliane festeja e planeja como assistir\u00e1 \u00e0s aulas remotas, j\u00e1 que n\u00e3o tem computador. Por sugest\u00e3o de amigos, ela grava um v\u00eddeo, e o publica nas redes sociais, pedindo ajuda aos seguidores para comprar a m\u00e1quina. Sensibilizados, os seguidores doam recursos para que Leiliane compre o PC. No entanto, a mo\u00e7a descobre a farsa de Tom\u00e1s e fica arrasada.<\/p>\n\n\n\n<div data-wp-interactive=\"core\/file\" class=\"wp-block-file\"><object data-wp-bind--hidden=\"!state.hasPdfPreview\" hidden class=\"wp-block-file__embed\" data=\"https:\/\/maxwelldossantos.com.br\/wp-content\/uploads\/2022\/03\/otrotedalistaweb.pdf\" type=\"application\/pdf\" style=\"width:100%;height:600px\" aria-label=\"Incorporado de Incorporado de Baixe o PDF..\"><\/object><a id=\"wp-block-file--media-f5d8c683-2b8b-4c23-aa01-5f5ccfef771a\" href=\"https:\/\/maxwelldossantos.com.br\/wp-content\/uploads\/2022\/03\/otrotedalistaweb.pdf\">Baixe o PDF<\/a><a href=\"https:\/\/maxwelldossantos.com.br\/wp-content\/uploads\/2022\/03\/otrotedalistaweb.pdf\" class=\"wp-block-file__button\" download aria-describedby=\"wp-block-file--media-f5d8c683-2b8b-4c23-aa01-5f5ccfef771a\">Baixar<\/a><\/div>\n\n\n\n<p>Adquira na <a href=\"https:\/\/www.amazon.com.br\/trote-lista-Maxwell-dos-Santos-ebook\/dp\/B09RND9M6J\" target=\"_blank\" rel=\"noreferrer noopener sponsored nofollow\">Amazon<\/a><\/p>\n","protected":false},"excerpt":{"rendered":"<p>Aos 17 anos, Leiliane, uma menina preta,\u00a0meiga e educada,\u00a0mora com a madrinha, ap\u00f3s perder a m\u00e3e, num acidente de \u00f4nibus, em 2007, e o pai estar desaparecido. \u00c9 dedicada aos estudos e sonha em ser m\u00e9dica. Faz o Enem e obt\u00e9m 880 pontos de m\u00e9dia. Por n\u00e3o possuir computador, pede a Tom\u00e1s um \u201camigo\u201d, para [&hellip;]<\/p>\n","protected":false},"author":1,"featured_media":0,"parent":11,"menu_order":0,"comment_status":"closed","ping_status":"closed","template":"","meta":{"saved_in_kubio":false,"_monsterinsights_skip_tracking":false,"_monsterinsights_sitenote_active":false,"_monsterinsights_sitenote_note":"","_monsterinsights_sitenote_category":0,"footnotes":""},"class_list":["post-47","page","type-page","status-publish","hentry"],"kubio_ai_page_context":{"short_desc":"","purpose":"general"},"yoast_head":"<!-- This site is optimized with the Yoast SEO plugin v26.8 - https:\/\/yoast.com\/product\/yoast-seo-wordpress\/ -->\n<title>O trote da lista - Maxwell dos Santos<\/title>\n<meta name=\"robots\" content=\"index, follow, max-snippet:-1, max-image-preview:large, max-video-preview:-1\" \/>\n<link rel=\"canonical\" href=\"https:\/\/maxwelldossantos.com.br\/index.php\/livros\/o-trote-da-lista\/\" \/>\n<meta property=\"og:locale\" content=\"pt_BR\" \/>\n<meta property=\"og:type\" content=\"article\" \/>\n<meta property=\"og:title\" content=\"O trote da lista - Maxwell dos Santos\" \/>\n<meta property=\"og:description\" content=\"Aos 17 anos, Leiliane, uma menina preta,\u00a0meiga e educada,\u00a0mora com a madrinha, ap\u00f3s perder a m\u00e3e, num acidente de \u00f4nibus, em 2007, e o pai estar desaparecido. \u00c9 dedicada aos estudos e sonha em ser m\u00e9dica. Faz o Enem e obt\u00e9m 880 pontos de m\u00e9dia. Por n\u00e3o possuir computador, pede a Tom\u00e1s um \u201camigo\u201d, para [&hellip;]\" \/>\n<meta property=\"og:url\" content=\"https:\/\/maxwelldossantos.com.br\/index.php\/livros\/o-trote-da-lista\/\" \/>\n<meta property=\"og:site_name\" content=\"Maxwell dos Santos\" \/>\n<meta property=\"article:modified_time\" content=\"2022-03-13T19:29:53+00:00\" \/>\n<meta property=\"og:image\" content=\"http:\/\/maxwelldossantos.com.br\/wp-content\/uploads\/2022\/03\/Capa-E-book-O-trote-da-lista.png\" \/>\n<meta name=\"twitter:card\" content=\"summary_large_image\" \/>\n<meta name=\"twitter:label1\" content=\"Est. tempo de leitura\" \/>\n\t<meta name=\"twitter:data1\" content=\"2 minutos\" \/>\n<script type=\"application\/ld+json\" class=\"yoast-schema-graph\">{\"@context\":\"https:\/\/schema.org\",\"@graph\":[{\"@type\":\"WebPage\",\"@id\":\"https:\/\/maxwelldossantos.com.br\/index.php\/livros\/o-trote-da-lista\/\",\"url\":\"https:\/\/maxwelldossantos.com.br\/index.php\/livros\/o-trote-da-lista\/\",\"name\":\"O trote da lista - Maxwell dos Santos\",\"isPartOf\":{\"@id\":\"https:\/\/maxwelldossantos.com.br\/#website\"},\"primaryImageOfPage\":{\"@id\":\"https:\/\/maxwelldossantos.com.br\/index.php\/livros\/o-trote-da-lista\/#primaryimage\"},\"image\":{\"@id\":\"https:\/\/maxwelldossantos.com.br\/index.php\/livros\/o-trote-da-lista\/#primaryimage\"},\"thumbnailUrl\":\"http:\/\/maxwelldossantos.com.br\/wp-content\/uploads\/2022\/03\/Capa-E-book-O-trote-da-lista.png\",\"datePublished\":\"2022-03-13T16:10:08+00:00\",\"dateModified\":\"2022-03-13T19:29:53+00:00\",\"breadcrumb\":{\"@id\":\"https:\/\/maxwelldossantos.com.br\/index.php\/livros\/o-trote-da-lista\/#breadcrumb\"},\"inLanguage\":\"pt-BR\",\"potentialAction\":[{\"@type\":\"ReadAction\",\"target\":[\"https:\/\/maxwelldossantos.com.br\/index.php\/livros\/o-trote-da-lista\/\"]}]},{\"@type\":\"ImageObject\",\"inLanguage\":\"pt-BR\",\"@id\":\"https:\/\/maxwelldossantos.com.br\/index.php\/livros\/o-trote-da-lista\/#primaryimage\",\"url\":\"https:\/\/maxwelldossantos.com.br\/wp-content\/uploads\/2022\/03\/Capa-E-book-O-trote-da-lista.png\",\"contentUrl\":\"https:\/\/maxwelldossantos.com.br\/wp-content\/uploads\/2022\/03\/Capa-E-book-O-trote-da-lista.png\",\"width\":512,\"height\":800},{\"@type\":\"BreadcrumbList\",\"@id\":\"https:\/\/maxwelldossantos.com.br\/index.php\/livros\/o-trote-da-lista\/#breadcrumb\",\"itemListElement\":[{\"@type\":\"ListItem\",\"position\":1,\"name\":\"In\u00edcio\",\"item\":\"https:\/\/maxwelldossantos.com.br\/\"},{\"@type\":\"ListItem\",\"position\":2,\"name\":\"Livros\",\"item\":\"https:\/\/maxwelldossantos.com.br\/index.php\/livros\/\"},{\"@type\":\"ListItem\",\"position\":3,\"name\":\"O trote da lista\"}]},{\"@type\":\"WebSite\",\"@id\":\"https:\/\/maxwelldossantos.com.br\/#website\",\"url\":\"https:\/\/maxwelldossantos.com.br\/\",\"name\":\"Maxwell dos Santos\",\"description\":\"Escritor, jornalista, redator SEO, revisor de textos, editor de v\u00eddeo,\",\"publisher\":{\"@id\":\"https:\/\/maxwelldossantos.com.br\/#organization\"},\"potentialAction\":[{\"@type\":\"SearchAction\",\"target\":{\"@type\":\"EntryPoint\",\"urlTemplate\":\"https:\/\/maxwelldossantos.com.br\/?s={search_term_string}\"},\"query-input\":{\"@type\":\"PropertyValueSpecification\",\"valueRequired\":true,\"valueName\":\"search_term_string\"}}],\"inLanguage\":\"pt-BR\"},{\"@type\":\"Organization\",\"@id\":\"https:\/\/maxwelldossantos.com.br\/#organization\",\"name\":\"Maxwell dos Santos\",\"url\":\"https:\/\/maxwelldossantos.com.br\/\",\"logo\":{\"@type\":\"ImageObject\",\"inLanguage\":\"pt-BR\",\"@id\":\"https:\/\/maxwelldossantos.com.br\/#\/schema\/logo\/image\/\",\"url\":\"https:\/\/maxwelldossantos.com.br\/wp-content\/uploads\/2022\/03\/cropped-cropped-Cabecalho-e-Rodape-Carta-Timbrada.png\",\"contentUrl\":\"https:\/\/maxwelldossantos.com.br\/wp-content\/uploads\/2022\/03\/cropped-cropped-Cabecalho-e-Rodape-Carta-Timbrada.png\",\"width\":655,\"height\":188,\"caption\":\"Maxwell dos Santos\"},\"image\":{\"@id\":\"https:\/\/maxwelldossantos.com.br\/#\/schema\/logo\/image\/\"}}]}<\/script>\n<!-- \/ Yoast SEO plugin. -->","yoast_head_json":{"title":"O trote da lista - Maxwell dos Santos","robots":{"index":"index","follow":"follow","max-snippet":"max-snippet:-1","max-image-preview":"max-image-preview:large","max-video-preview":"max-video-preview:-1"},"canonical":"https:\/\/maxwelldossantos.com.br\/index.php\/livros\/o-trote-da-lista\/","og_locale":"pt_BR","og_type":"article","og_title":"O trote da lista - Maxwell dos Santos","og_description":"Aos 17 anos, Leiliane, uma menina preta,\u00a0meiga e educada,\u00a0mora com a madrinha, ap\u00f3s perder a m\u00e3e, num acidente de \u00f4nibus, em 2007, e o pai estar desaparecido. \u00c9 dedicada aos estudos e sonha em ser m\u00e9dica. Faz o Enem e obt\u00e9m 880 pontos de m\u00e9dia. Por n\u00e3o possuir computador, pede a Tom\u00e1s um \u201camigo\u201d, para [&hellip;]","og_url":"https:\/\/maxwelldossantos.com.br\/index.php\/livros\/o-trote-da-lista\/","og_site_name":"Maxwell dos Santos","article_modified_time":"2022-03-13T19:29:53+00:00","og_image":[{"url":"http:\/\/maxwelldossantos.com.br\/wp-content\/uploads\/2022\/03\/Capa-E-book-O-trote-da-lista.png","type":"","width":"","height":""}],"twitter_card":"summary_large_image","twitter_misc":{"Est. tempo de leitura":"2 minutos"},"schema":{"@context":"https:\/\/schema.org","@graph":[{"@type":"WebPage","@id":"https:\/\/maxwelldossantos.com.br\/index.php\/livros\/o-trote-da-lista\/","url":"https:\/\/maxwelldossantos.com.br\/index.php\/livros\/o-trote-da-lista\/","name":"O trote da lista - Maxwell dos Santos","isPartOf":{"@id":"https:\/\/maxwelldossantos.com.br\/#website"},"primaryImageOfPage":{"@id":"https:\/\/maxwelldossantos.com.br\/index.php\/livros\/o-trote-da-lista\/#primaryimage"},"image":{"@id":"https:\/\/maxwelldossantos.com.br\/index.php\/livros\/o-trote-da-lista\/#primaryimage"},"thumbnailUrl":"http:\/\/maxwelldossantos.com.br\/wp-content\/uploads\/2022\/03\/Capa-E-book-O-trote-da-lista.png","datePublished":"2022-03-13T16:10:08+00:00","dateModified":"2022-03-13T19:29:53+00:00","breadcrumb":{"@id":"https:\/\/maxwelldossantos.com.br\/index.php\/livros\/o-trote-da-lista\/#breadcrumb"},"inLanguage":"pt-BR","potentialAction":[{"@type":"ReadAction","target":["https:\/\/maxwelldossantos.com.br\/index.php\/livros\/o-trote-da-lista\/"]}]},{"@type":"ImageObject","inLanguage":"pt-BR","@id":"https:\/\/maxwelldossantos.com.br\/index.php\/livros\/o-trote-da-lista\/#primaryimage","url":"https:\/\/maxwelldossantos.com.br\/wp-content\/uploads\/2022\/03\/Capa-E-book-O-trote-da-lista.png","contentUrl":"https:\/\/maxwelldossantos.com.br\/wp-content\/uploads\/2022\/03\/Capa-E-book-O-trote-da-lista.png","width":512,"height":800},{"@type":"BreadcrumbList","@id":"https:\/\/maxwelldossantos.com.br\/index.php\/livros\/o-trote-da-lista\/#breadcrumb","itemListElement":[{"@type":"ListItem","position":1,"name":"In\u00edcio","item":"https:\/\/maxwelldossantos.com.br\/"},{"@type":"ListItem","position":2,"name":"Livros","item":"https:\/\/maxwelldossantos.com.br\/index.php\/livros\/"},{"@type":"ListItem","position":3,"name":"O trote da lista"}]},{"@type":"WebSite","@id":"https:\/\/maxwelldossantos.com.br\/#website","url":"https:\/\/maxwelldossantos.com.br\/","name":"Maxwell dos Santos","description":"Escritor, jornalista, redator SEO, revisor de textos, editor de v\u00eddeo,","publisher":{"@id":"https:\/\/maxwelldossantos.com.br\/#organization"},"potentialAction":[{"@type":"SearchAction","target":{"@type":"EntryPoint","urlTemplate":"https:\/\/maxwelldossantos.com.br\/?s={search_term_string}"},"query-input":{"@type":"PropertyValueSpecification","valueRequired":true,"valueName":"search_term_string"}}],"inLanguage":"pt-BR"},{"@type":"Organization","@id":"https:\/\/maxwelldossantos.com.br\/#organization","name":"Maxwell dos Santos","url":"https:\/\/maxwelldossantos.com.br\/","logo":{"@type":"ImageObject","inLanguage":"pt-BR","@id":"https:\/\/maxwelldossantos.com.br\/#\/schema\/logo\/image\/","url":"https:\/\/maxwelldossantos.com.br\/wp-content\/uploads\/2022\/03\/cropped-cropped-Cabecalho-e-Rodape-Carta-Timbrada.png","contentUrl":"https:\/\/maxwelldossantos.com.br\/wp-content\/uploads\/2022\/03\/cropped-cropped-Cabecalho-e-Rodape-Carta-Timbrada.png","width":655,"height":188,"caption":"Maxwell dos Santos"},"image":{"@id":"https:\/\/maxwelldossantos.com.br\/#\/schema\/logo\/image\/"}}]}},"_links":{"self":[{"href":"https:\/\/maxwelldossantos.com.br\/index.php\/wp-json\/wp\/v2\/pages\/47","targetHints":{"allow":["GET"]}}],"collection":[{"href":"https:\/\/maxwelldossantos.com.br\/index.php\/wp-json\/wp\/v2\/pages"}],"about":[{"href":"https:\/\/maxwelldossantos.com.br\/index.php\/wp-json\/wp\/v2\/types\/page"}],"author":[{"embeddable":true,"href":"https:\/\/maxwelldossantos.com.br\/index.php\/wp-json\/wp\/v2\/users\/1"}],"replies":[{"embeddable":true,"href":"https:\/\/maxwelldossantos.com.br\/index.php\/wp-json\/wp\/v2\/comments?post=47"}],"version-history":[{"count":3,"href":"https:\/\/maxwelldossantos.com.br\/index.php\/wp-json\/wp\/v2\/pages\/47\/revisions"}],"predecessor-version":[{"id":122,"href":"https:\/\/maxwelldossantos.com.br\/index.php\/wp-json\/wp\/v2\/pages\/47\/revisions\/122"}],"up":[{"embeddable":true,"href":"https:\/\/maxwelldossantos.com.br\/index.php\/wp-json\/wp\/v2\/pages\/11"}],"wp:attachment":[{"href":"https:\/\/maxwelldossantos.com.br\/index.php\/wp-json\/wp\/v2\/media?parent=47"}],"curies":[{"name":"wp","href":"https:\/\/api.w.org\/{rel}","templated":true}]}}