{"id":48,"date":"2022-03-13T13:06:21","date_gmt":"2022-03-13T16:06:21","guid":{"rendered":"http:\/\/maxwelldossantos.com.br\/?page_id=48"},"modified":"2022-07-17T12:13:06","modified_gmt":"2022-07-17T15:13:06","slug":"ele-e-so-um-garoto","status":"publish","type":"page","link":"https:\/\/maxwelldossantos.com.br\/index.php\/livros\/ele-e-so-um-garoto\/","title":{"rendered":"Ele \u00e9 s\u00f3 um garoto"},"content":{"rendered":"\n<figure class=\"wp-block-image size-full\"><img loading=\"lazy\" decoding=\"async\" width=\"512\" height=\"800\" src=\"https:\/\/maxwelldossantos.com.br\/wp-content\/uploads\/2022\/03\/Capa-ESUG-2022.png\" alt=\"\" class=\"wp-image-96\" srcset=\"https:\/\/maxwelldossantos.com.br\/wp-content\/uploads\/2022\/03\/Capa-ESUG-2022.png 512w, https:\/\/maxwelldossantos.com.br\/wp-content\/uploads\/2022\/03\/Capa-ESUG-2022-192x300.png 192w\" sizes=\"(max-width: 512px) 100vw, 512px\" \/><\/figure>\n\n\n\n<p>Baseado numa hist\u00f3ria real ocorrida nos Estados Unidos em 2017 com Kristi Kollar, atriz e ativista pr\u00f3-vida, o e-book conta a est\u00f3ria de Sabrine, uma jovem de 19 anos que estuda Produ\u00e7\u00e3o Audiovisual na FAVIT com bolsa integral do ProUni e trabalha com o pai numa produtora de v\u00eddeo. Ela congrega na seita Comunidade Apost\u00f3lica Cartadista, onde \u00e9 ministra de louvor da sede nacional. <\/p>\n\n\n\n<p>Num retiro de jovens e adolescentes no Eben\u00e9zer, espa\u00e7o de reuni\u00f5es da Comunidade, Sabrine \u00e9 estuprada por Renan, seu irm\u00e3o na congrega\u00e7\u00e3o e seu colega de curso e turma. Ela fica gr\u00e1vida de g\u00eameos. <\/p>\n\n\n\n<p>O pai de Renan \u00e9 Ariel Masotti, apresentador do programa policial sensacionalista Cana Braba, no ar h\u00e1 12 anos na TV Moxuara e \u00e9 l\u00edder absoluto de audi\u00eancia no hor\u00e1rio. Ariel defende a redu\u00e7\u00e3o da maioridade penal para menores infratores e para todos os crimes. Tem um discurso de \u00f3dio extremado contra os ativistas de direitos humanos.<\/p>\n\n\n\n<p>Naquele ano, lan\u00e7a sua candidatura a prefeito de Vit\u00f3ria. Temendo que este esc\u00e2ndalo comprometa sua candidatura, Ariel tenta cooptar a promotora da Inf\u00e2ncia, determinada a pedir a interna\u00e7\u00e3o provis\u00f3ria de Renan, a arquivar o caso, em troca de lobby para sua indica\u00e7\u00e3o na vaga destinada aos membros do Minist\u00e9rio P\u00fablico para a vaga de desembargadora no Tribunal de Justi\u00e7a.<\/p>\n\n\n\n<p>Como se n\u00e3o bastasse, \u00e9 impelida pelas lideran\u00e7as da Comunidade a casar com o estuprador, mas ela n\u00e3o aceita \u00e9 \u00e9 expulsa da congrega\u00e7\u00e3o, al\u00e9m de ter as rela\u00e7\u00f5es cortadas com os outros irm\u00e3os.<\/p>\n\n\n\n<div data-wp-interactive=\"core\/file\" class=\"wp-block-file\"><object data-wp-bind--hidden=\"!state.hasPdfPreview\" hidden class=\"wp-block-file__embed\" data=\"https:\/\/maxwelldossantos.com.br\/wp-content\/uploads\/2022\/03\/eleesoumgarotoweb.pdf\" type=\"application\/pdf\" style=\"width:100%;height:600px\" aria-label=\"Incorporado de Incorporado de eleesoumgarotoweb..\"><\/object><a id=\"wp-block-file--media-e5ec242a-c6c8-4f7b-8dfc-25cae2e1928a\" href=\"https:\/\/maxwelldossantos.com.br\/wp-content\/uploads\/2022\/03\/eleesoumgarotoweb.pdf\">eleesoumgarotoweb<\/a><a href=\"https:\/\/maxwelldossantos.com.br\/wp-content\/uploads\/2022\/03\/eleesoumgarotoweb.pdf\" class=\"wp-block-file__button\" download aria-describedby=\"wp-block-file--media-e5ec242a-c6c8-4f7b-8dfc-25cae2e1928a\">Baixar<\/a><\/div>\n\n\n\n<p>Compre na <a href=\"https:\/\/www.amazon.com.br\/Ele-%C3%A9-s%C3%B3-um-garoto-ebook\/dp\/B08GLS7TPD\" target=\"_blank\" rel=\"noreferrer noopener sponsored nofollow\">Amazon<\/a><\/p>\n","protected":false},"excerpt":{"rendered":"<p>Baseado numa hist\u00f3ria real ocorrida nos Estados Unidos em 2017 com Kristi Kollar, atriz e ativista pr\u00f3-vida, o e-book conta a est\u00f3ria de Sabrine, uma jovem de 19 anos que estuda Produ\u00e7\u00e3o Audiovisual na FAVIT com bolsa integral do ProUni e trabalha com o pai numa produtora de v\u00eddeo. Ela congrega na seita Comunidade Apost\u00f3lica [&hellip;]<\/p>\n","protected":false},"author":1,"featured_media":0,"parent":11,"menu_order":0,"comment_status":"closed","ping_status":"closed","template":"","meta":{"saved_in_kubio":false,"_monsterinsights_skip_tracking":false,"_monsterinsights_sitenote_active":false,"_monsterinsights_sitenote_note":"","_monsterinsights_sitenote_category":0,"footnotes":""},"class_list":["post-48","page","type-page","status-publish","hentry"],"kubio_ai_page_context":{"short_desc":"","purpose":"general"},"yoast_head":"<!-- This site is optimized with the Yoast SEO plugin v26.8 - https:\/\/yoast.com\/product\/yoast-seo-wordpress\/ -->\n<title>Ele \u00e9 s\u00f3 um garoto - Maxwell dos Santos<\/title>\n<meta name=\"description\" content=\"Livro que critica a conivencia de lideran\u00e7as religiosas em rela\u00e7ao aos abusos sexuais ocorridos dentro dos templos.\" \/>\n<meta name=\"robots\" content=\"index, follow, max-snippet:-1, max-image-preview:large, max-video-preview:-1\" \/>\n<link rel=\"canonical\" href=\"https:\/\/maxwelldossantos.com.br\/index.php\/livros\/ele-e-so-um-garoto\/\" \/>\n<meta property=\"og:locale\" content=\"pt_BR\" \/>\n<meta property=\"og:type\" content=\"article\" \/>\n<meta property=\"og:title\" content=\"Ele \u00e9 s\u00f3 um garoto - Maxwell dos Santos\" \/>\n<meta property=\"og:description\" content=\"Livro que critica a conivencia de lideran\u00e7as religiosas em rela\u00e7ao aos abusos sexuais ocorridos dentro dos templos.\" \/>\n<meta property=\"og:url\" content=\"https:\/\/maxwelldossantos.com.br\/index.php\/livros\/ele-e-so-um-garoto\/\" \/>\n<meta property=\"og:site_name\" content=\"Maxwell dos Santos\" \/>\n<meta property=\"article:modified_time\" content=\"2022-07-17T15:13:06+00:00\" \/>\n<meta property=\"og:image\" content=\"http:\/\/maxwelldossantos.com.br\/wp-content\/uploads\/2022\/03\/Capa-ESUG-2022.png\" \/>\n<meta name=\"twitter:card\" content=\"summary_large_image\" \/>\n<meta name=\"twitter:label1\" content=\"Est. tempo de leitura\" \/>\n\t<meta name=\"twitter:data1\" content=\"2 minutos\" \/>\n<script type=\"application\/ld+json\" class=\"yoast-schema-graph\">{\"@context\":\"https:\/\/schema.org\",\"@graph\":[{\"@type\":\"WebPage\",\"@id\":\"https:\/\/maxwelldossantos.com.br\/index.php\/livros\/ele-e-so-um-garoto\/\",\"url\":\"https:\/\/maxwelldossantos.com.br\/index.php\/livros\/ele-e-so-um-garoto\/\",\"name\":\"Ele \u00e9 s\u00f3 um garoto - Maxwell dos Santos\",\"isPartOf\":{\"@id\":\"https:\/\/maxwelldossantos.com.br\/#website\"},\"primaryImageOfPage\":{\"@id\":\"https:\/\/maxwelldossantos.com.br\/index.php\/livros\/ele-e-so-um-garoto\/#primaryimage\"},\"image\":{\"@id\":\"https:\/\/maxwelldossantos.com.br\/index.php\/livros\/ele-e-so-um-garoto\/#primaryimage\"},\"thumbnailUrl\":\"http:\/\/maxwelldossantos.com.br\/wp-content\/uploads\/2022\/03\/Capa-ESUG-2022.png\",\"datePublished\":\"2022-03-13T16:06:21+00:00\",\"dateModified\":\"2022-07-17T15:13:06+00:00\",\"description\":\"Livro que critica a conivencia de lideran\u00e7as religiosas em rela\u00e7ao aos abusos sexuais ocorridos dentro dos templos.\",\"breadcrumb\":{\"@id\":\"https:\/\/maxwelldossantos.com.br\/index.php\/livros\/ele-e-so-um-garoto\/#breadcrumb\"},\"inLanguage\":\"pt-BR\",\"potentialAction\":[{\"@type\":\"ReadAction\",\"target\":[\"https:\/\/maxwelldossantos.com.br\/index.php\/livros\/ele-e-so-um-garoto\/\"]}]},{\"@type\":\"ImageObject\",\"inLanguage\":\"pt-BR\",\"@id\":\"https:\/\/maxwelldossantos.com.br\/index.php\/livros\/ele-e-so-um-garoto\/#primaryimage\",\"url\":\"https:\/\/maxwelldossantos.com.br\/wp-content\/uploads\/2022\/03\/Capa-ESUG-2022.png\",\"contentUrl\":\"https:\/\/maxwelldossantos.com.br\/wp-content\/uploads\/2022\/03\/Capa-ESUG-2022.png\",\"width\":512,\"height\":800},{\"@type\":\"BreadcrumbList\",\"@id\":\"https:\/\/maxwelldossantos.com.br\/index.php\/livros\/ele-e-so-um-garoto\/#breadcrumb\",\"itemListElement\":[{\"@type\":\"ListItem\",\"position\":1,\"name\":\"In\u00edcio\",\"item\":\"https:\/\/maxwelldossantos.com.br\/\"},{\"@type\":\"ListItem\",\"position\":2,\"name\":\"Livros\",\"item\":\"https:\/\/maxwelldossantos.com.br\/index.php\/livros\/\"},{\"@type\":\"ListItem\",\"position\":3,\"name\":\"Ele \u00e9 s\u00f3 um garoto\"}]},{\"@type\":\"WebSite\",\"@id\":\"https:\/\/maxwelldossantos.com.br\/#website\",\"url\":\"https:\/\/maxwelldossantos.com.br\/\",\"name\":\"Maxwell dos Santos\",\"description\":\"Escritor, jornalista, redator SEO, revisor de textos, editor de v\u00eddeo,\",\"publisher\":{\"@id\":\"https:\/\/maxwelldossantos.com.br\/#organization\"},\"potentialAction\":[{\"@type\":\"SearchAction\",\"target\":{\"@type\":\"EntryPoint\",\"urlTemplate\":\"https:\/\/maxwelldossantos.com.br\/?s={search_term_string}\"},\"query-input\":{\"@type\":\"PropertyValueSpecification\",\"valueRequired\":true,\"valueName\":\"search_term_string\"}}],\"inLanguage\":\"pt-BR\"},{\"@type\":\"Organization\",\"@id\":\"https:\/\/maxwelldossantos.com.br\/#organization\",\"name\":\"Maxwell dos Santos\",\"url\":\"https:\/\/maxwelldossantos.com.br\/\",\"logo\":{\"@type\":\"ImageObject\",\"inLanguage\":\"pt-BR\",\"@id\":\"https:\/\/maxwelldossantos.com.br\/#\/schema\/logo\/image\/\",\"url\":\"https:\/\/maxwelldossantos.com.br\/wp-content\/uploads\/2022\/03\/cropped-cropped-Cabecalho-e-Rodape-Carta-Timbrada.png\",\"contentUrl\":\"https:\/\/maxwelldossantos.com.br\/wp-content\/uploads\/2022\/03\/cropped-cropped-Cabecalho-e-Rodape-Carta-Timbrada.png\",\"width\":655,\"height\":188,\"caption\":\"Maxwell dos Santos\"},\"image\":{\"@id\":\"https:\/\/maxwelldossantos.com.br\/#\/schema\/logo\/image\/\"}}]}<\/script>\n<!-- \/ Yoast SEO plugin. -->","yoast_head_json":{"title":"Ele \u00e9 s\u00f3 um garoto - Maxwell dos Santos","description":"Livro que critica a conivencia de lideran\u00e7as religiosas em rela\u00e7ao aos abusos sexuais ocorridos dentro dos templos.","robots":{"index":"index","follow":"follow","max-snippet":"max-snippet:-1","max-image-preview":"max-image-preview:large","max-video-preview":"max-video-preview:-1"},"canonical":"https:\/\/maxwelldossantos.com.br\/index.php\/livros\/ele-e-so-um-garoto\/","og_locale":"pt_BR","og_type":"article","og_title":"Ele \u00e9 s\u00f3 um garoto - Maxwell dos Santos","og_description":"Livro que critica a conivencia de lideran\u00e7as religiosas em rela\u00e7ao aos abusos sexuais ocorridos dentro dos templos.","og_url":"https:\/\/maxwelldossantos.com.br\/index.php\/livros\/ele-e-so-um-garoto\/","og_site_name":"Maxwell dos Santos","article_modified_time":"2022-07-17T15:13:06+00:00","og_image":[{"url":"http:\/\/maxwelldossantos.com.br\/wp-content\/uploads\/2022\/03\/Capa-ESUG-2022.png","type":"","width":"","height":""}],"twitter_card":"summary_large_image","twitter_misc":{"Est. tempo de leitura":"2 minutos"},"schema":{"@context":"https:\/\/schema.org","@graph":[{"@type":"WebPage","@id":"https:\/\/maxwelldossantos.com.br\/index.php\/livros\/ele-e-so-um-garoto\/","url":"https:\/\/maxwelldossantos.com.br\/index.php\/livros\/ele-e-so-um-garoto\/","name":"Ele \u00e9 s\u00f3 um garoto - Maxwell dos Santos","isPartOf":{"@id":"https:\/\/maxwelldossantos.com.br\/#website"},"primaryImageOfPage":{"@id":"https:\/\/maxwelldossantos.com.br\/index.php\/livros\/ele-e-so-um-garoto\/#primaryimage"},"image":{"@id":"https:\/\/maxwelldossantos.com.br\/index.php\/livros\/ele-e-so-um-garoto\/#primaryimage"},"thumbnailUrl":"http:\/\/maxwelldossantos.com.br\/wp-content\/uploads\/2022\/03\/Capa-ESUG-2022.png","datePublished":"2022-03-13T16:06:21+00:00","dateModified":"2022-07-17T15:13:06+00:00","description":"Livro que critica a conivencia de lideran\u00e7as religiosas em rela\u00e7ao aos abusos sexuais ocorridos dentro dos templos.","breadcrumb":{"@id":"https:\/\/maxwelldossantos.com.br\/index.php\/livros\/ele-e-so-um-garoto\/#breadcrumb"},"inLanguage":"pt-BR","potentialAction":[{"@type":"ReadAction","target":["https:\/\/maxwelldossantos.com.br\/index.php\/livros\/ele-e-so-um-garoto\/"]}]},{"@type":"ImageObject","inLanguage":"pt-BR","@id":"https:\/\/maxwelldossantos.com.br\/index.php\/livros\/ele-e-so-um-garoto\/#primaryimage","url":"https:\/\/maxwelldossantos.com.br\/wp-content\/uploads\/2022\/03\/Capa-ESUG-2022.png","contentUrl":"https:\/\/maxwelldossantos.com.br\/wp-content\/uploads\/2022\/03\/Capa-ESUG-2022.png","width":512,"height":800},{"@type":"BreadcrumbList","@id":"https:\/\/maxwelldossantos.com.br\/index.php\/livros\/ele-e-so-um-garoto\/#breadcrumb","itemListElement":[{"@type":"ListItem","position":1,"name":"In\u00edcio","item":"https:\/\/maxwelldossantos.com.br\/"},{"@type":"ListItem","position":2,"name":"Livros","item":"https:\/\/maxwelldossantos.com.br\/index.php\/livros\/"},{"@type":"ListItem","position":3,"name":"Ele \u00e9 s\u00f3 um garoto"}]},{"@type":"WebSite","@id":"https:\/\/maxwelldossantos.com.br\/#website","url":"https:\/\/maxwelldossantos.com.br\/","name":"Maxwell dos Santos","description":"Escritor, jornalista, redator SEO, revisor de textos, editor de v\u00eddeo,","publisher":{"@id":"https:\/\/maxwelldossantos.com.br\/#organization"},"potentialAction":[{"@type":"SearchAction","target":{"@type":"EntryPoint","urlTemplate":"https:\/\/maxwelldossantos.com.br\/?s={search_term_string}"},"query-input":{"@type":"PropertyValueSpecification","valueRequired":true,"valueName":"search_term_string"}}],"inLanguage":"pt-BR"},{"@type":"Organization","@id":"https:\/\/maxwelldossantos.com.br\/#organization","name":"Maxwell dos Santos","url":"https:\/\/maxwelldossantos.com.br\/","logo":{"@type":"ImageObject","inLanguage":"pt-BR","@id":"https:\/\/maxwelldossantos.com.br\/#\/schema\/logo\/image\/","url":"https:\/\/maxwelldossantos.com.br\/wp-content\/uploads\/2022\/03\/cropped-cropped-Cabecalho-e-Rodape-Carta-Timbrada.png","contentUrl":"https:\/\/maxwelldossantos.com.br\/wp-content\/uploads\/2022\/03\/cropped-cropped-Cabecalho-e-Rodape-Carta-Timbrada.png","width":655,"height":188,"caption":"Maxwell dos Santos"},"image":{"@id":"https:\/\/maxwelldossantos.com.br\/#\/schema\/logo\/image\/"}}]}},"_links":{"self":[{"href":"https:\/\/maxwelldossantos.com.br\/index.php\/wp-json\/wp\/v2\/pages\/48","targetHints":{"allow":["GET"]}}],"collection":[{"href":"https:\/\/maxwelldossantos.com.br\/index.php\/wp-json\/wp\/v2\/pages"}],"about":[{"href":"https:\/\/maxwelldossantos.com.br\/index.php\/wp-json\/wp\/v2\/types\/page"}],"author":[{"embeddable":true,"href":"https:\/\/maxwelldossantos.com.br\/index.php\/wp-json\/wp\/v2\/users\/1"}],"replies":[{"embeddable":true,"href":"https:\/\/maxwelldossantos.com.br\/index.php\/wp-json\/wp\/v2\/comments?post=48"}],"version-history":[{"count":4,"href":"https:\/\/maxwelldossantos.com.br\/index.php\/wp-json\/wp\/v2\/pages\/48\/revisions"}],"predecessor-version":[{"id":203,"href":"https:\/\/maxwelldossantos.com.br\/index.php\/wp-json\/wp\/v2\/pages\/48\/revisions\/203"}],"up":[{"embeddable":true,"href":"https:\/\/maxwelldossantos.com.br\/index.php\/wp-json\/wp\/v2\/pages\/11"}],"wp:attachment":[{"href":"https:\/\/maxwelldossantos.com.br\/index.php\/wp-json\/wp\/v2\/media?parent=48"}],"curies":[{"name":"wp","href":"https:\/\/api.w.org\/{rel}","templated":true}]}}