{"id":73,"date":"2022-03-13T15:26:11","date_gmt":"2022-03-13T18:26:11","guid":{"rendered":"http:\/\/maxwelldossantos.com.br\/?page_id=73"},"modified":"2022-03-13T17:56:46","modified_gmt":"2022-03-13T20:56:46","slug":"edicao-de-video","status":"publish","type":"page","link":"https:\/\/maxwelldossantos.com.br\/index.php\/servicos\/edicao-de-video\/","title":{"rendered":"Edi\u00e7\u00e3o de V\u00eddeo"},"content":{"rendered":"\n<figure class=\"wp-block-image size-large\"><img loading=\"lazy\" decoding=\"async\" width=\"1024\" height=\"1024\" src=\"https:\/\/maxwelldossantos.com.br\/wp-content\/uploads\/2022\/03\/Tabela-de-Precos-Maxwell-Comunicacao_page-0006-1024x1024.jpg\" alt=\"\" class=\"wp-image-178\" srcset=\"https:\/\/maxwelldossantos.com.br\/wp-content\/uploads\/2022\/03\/Tabela-de-Precos-Maxwell-Comunicacao_page-0006-1024x1024.jpg 1024w, https:\/\/maxwelldossantos.com.br\/wp-content\/uploads\/2022\/03\/Tabela-de-Precos-Maxwell-Comunicacao_page-0006-300x300.jpg 300w, https:\/\/maxwelldossantos.com.br\/wp-content\/uploads\/2022\/03\/Tabela-de-Precos-Maxwell-Comunicacao_page-0006-150x150.jpg 150w, https:\/\/maxwelldossantos.com.br\/wp-content\/uploads\/2022\/03\/Tabela-de-Precos-Maxwell-Comunicacao_page-0006-768x768.jpg 768w, https:\/\/maxwelldossantos.com.br\/wp-content\/uploads\/2022\/03\/Tabela-de-Precos-Maxwell-Comunicacao_page-0006-1536x1536.jpg 1536w, https:\/\/maxwelldossantos.com.br\/wp-content\/uploads\/2022\/03\/Tabela-de-Precos-Maxwell-Comunicacao_page-0006.jpg 1688w\" sizes=\"(max-width: 1024px) 100vw, 1024px\" \/><\/figure>\n\n\n\n<figure class=\"wp-block-image size-large\"><img loading=\"lazy\" decoding=\"async\" width=\"1024\" height=\"1024\" src=\"https:\/\/maxwelldossantos.com.br\/wp-content\/uploads\/2022\/03\/Tabela-de-Precos-Maxwell-Comunicacao_page-0007-1-1024x1024.jpg\" alt=\"\" class=\"wp-image-181\" srcset=\"https:\/\/maxwelldossantos.com.br\/wp-content\/uploads\/2022\/03\/Tabela-de-Precos-Maxwell-Comunicacao_page-0007-1-1024x1024.jpg 1024w, https:\/\/maxwelldossantos.com.br\/wp-content\/uploads\/2022\/03\/Tabela-de-Precos-Maxwell-Comunicacao_page-0007-1-300x300.jpg 300w, https:\/\/maxwelldossantos.com.br\/wp-content\/uploads\/2022\/03\/Tabela-de-Precos-Maxwell-Comunicacao_page-0007-1-150x150.jpg 150w, https:\/\/maxwelldossantos.com.br\/wp-content\/uploads\/2022\/03\/Tabela-de-Precos-Maxwell-Comunicacao_page-0007-1-768x768.jpg 768w, https:\/\/maxwelldossantos.com.br\/wp-content\/uploads\/2022\/03\/Tabela-de-Precos-Maxwell-Comunicacao_page-0007-1-1536x1536.jpg 1536w, https:\/\/maxwelldossantos.com.br\/wp-content\/uploads\/2022\/03\/Tabela-de-Precos-Maxwell-Comunicacao_page-0007-1.jpg 1688w\" sizes=\"(max-width: 1024px) 100vw, 1024px\" \/><\/figure>\n","protected":false},"excerpt":{"rendered":"","protected":false},"author":1,"featured_media":0,"parent":61,"menu_order":0,"comment_status":"closed","ping_status":"closed","template":"","meta":{"saved_in_kubio":false,"_monsterinsights_skip_tracking":false,"_monsterinsights_sitenote_active":false,"_monsterinsights_sitenote_note":"","_monsterinsights_sitenote_category":0,"footnotes":""},"class_list":["post-73","page","type-page","status-publish","hentry"],"kubio_ai_page_context":{"short_desc":"","purpose":"general"},"yoast_head":"<!-- This site is optimized with the Yoast SEO plugin v26.8 - https:\/\/yoast.com\/product\/yoast-seo-wordpress\/ -->\n<title>Edi\u00e7\u00e3o de V\u00eddeo - Maxwell dos Santos<\/title>\n<meta name=\"robots\" content=\"index, follow, max-snippet:-1, max-image-preview:large, max-video-preview:-1\" \/>\n<link rel=\"canonical\" href=\"https:\/\/maxwelldossantos.com.br\/index.php\/servicos\/edicao-de-video\/\" \/>\n<meta property=\"og:locale\" content=\"pt_BR\" \/>\n<meta property=\"og:type\" content=\"article\" \/>\n<meta property=\"og:title\" content=\"Edi\u00e7\u00e3o de V\u00eddeo - Maxwell dos Santos\" \/>\n<meta property=\"og:url\" content=\"https:\/\/maxwelldossantos.com.br\/index.php\/servicos\/edicao-de-video\/\" \/>\n<meta property=\"og:site_name\" content=\"Maxwell dos Santos\" \/>\n<meta property=\"article:modified_time\" content=\"2022-03-13T20:56:46+00:00\" \/>\n<meta property=\"og:image\" content=\"http:\/\/maxwelldossantos.com.br\/wp-content\/uploads\/2022\/03\/Tabela-de-Precos-Maxwell-Comunicacao_page-0006-1024x1024.jpg\" \/>\n<meta name=\"twitter:card\" content=\"summary_large_image\" \/>\n<meta name=\"twitter:label1\" content=\"Est. tempo de leitura\" \/>\n\t<meta name=\"twitter:data1\" content=\"1 minuto\" \/>\n<script type=\"application\/ld+json\" class=\"yoast-schema-graph\">{\"@context\":\"https:\/\/schema.org\",\"@graph\":[{\"@type\":\"WebPage\",\"@id\":\"https:\/\/maxwelldossantos.com.br\/index.php\/servicos\/edicao-de-video\/\",\"url\":\"https:\/\/maxwelldossantos.com.br\/index.php\/servicos\/edicao-de-video\/\",\"name\":\"Edi\u00e7\u00e3o de V\u00eddeo - Maxwell dos Santos\",\"isPartOf\":{\"@id\":\"https:\/\/maxwelldossantos.com.br\/#website\"},\"primaryImageOfPage\":{\"@id\":\"https:\/\/maxwelldossantos.com.br\/index.php\/servicos\/edicao-de-video\/#primaryimage\"},\"image\":{\"@id\":\"https:\/\/maxwelldossantos.com.br\/index.php\/servicos\/edicao-de-video\/#primaryimage\"},\"thumbnailUrl\":\"http:\/\/maxwelldossantos.com.br\/wp-content\/uploads\/2022\/03\/Tabela-de-Precos-Maxwell-Comunicacao_page-0006-1024x1024.jpg\",\"datePublished\":\"2022-03-13T18:26:11+00:00\",\"dateModified\":\"2022-03-13T20:56:46+00:00\",\"breadcrumb\":{\"@id\":\"https:\/\/maxwelldossantos.com.br\/index.php\/servicos\/edicao-de-video\/#breadcrumb\"},\"inLanguage\":\"pt-BR\",\"potentialAction\":[{\"@type\":\"ReadAction\",\"target\":[\"https:\/\/maxwelldossantos.com.br\/index.php\/servicos\/edicao-de-video\/\"]}]},{\"@type\":\"ImageObject\",\"inLanguage\":\"pt-BR\",\"@id\":\"https:\/\/maxwelldossantos.com.br\/index.php\/servicos\/edicao-de-video\/#primaryimage\",\"url\":\"https:\/\/maxwelldossantos.com.br\/wp-content\/uploads\/2022\/03\/Tabela-de-Precos-Maxwell-Comunicacao_page-0006.jpg\",\"contentUrl\":\"https:\/\/maxwelldossantos.com.br\/wp-content\/uploads\/2022\/03\/Tabela-de-Precos-Maxwell-Comunicacao_page-0006.jpg\",\"width\":1688,\"height\":1688},{\"@type\":\"BreadcrumbList\",\"@id\":\"https:\/\/maxwelldossantos.com.br\/index.php\/servicos\/edicao-de-video\/#breadcrumb\",\"itemListElement\":[{\"@type\":\"ListItem\",\"position\":1,\"name\":\"In\u00edcio\",\"item\":\"https:\/\/maxwelldossantos.com.br\/\"},{\"@type\":\"ListItem\",\"position\":2,\"name\":\"Servi\u00e7os\",\"item\":\"https:\/\/maxwelldossantos.com.br\/index.php\/servicos\/\"},{\"@type\":\"ListItem\",\"position\":3,\"name\":\"Edi\u00e7\u00e3o de V\u00eddeo\"}]},{\"@type\":\"WebSite\",\"@id\":\"https:\/\/maxwelldossantos.com.br\/#website\",\"url\":\"https:\/\/maxwelldossantos.com.br\/\",\"name\":\"Maxwell dos Santos\",\"description\":\"Escritor, jornalista, redator SEO, revisor de textos, editor de v\u00eddeo,\",\"publisher\":{\"@id\":\"https:\/\/maxwelldossantos.com.br\/#organization\"},\"potentialAction\":[{\"@type\":\"SearchAction\",\"target\":{\"@type\":\"EntryPoint\",\"urlTemplate\":\"https:\/\/maxwelldossantos.com.br\/?s={search_term_string}\"},\"query-input\":{\"@type\":\"PropertyValueSpecification\",\"valueRequired\":true,\"valueName\":\"search_term_string\"}}],\"inLanguage\":\"pt-BR\"},{\"@type\":\"Organization\",\"@id\":\"https:\/\/maxwelldossantos.com.br\/#organization\",\"name\":\"Maxwell dos Santos\",\"url\":\"https:\/\/maxwelldossantos.com.br\/\",\"logo\":{\"@type\":\"ImageObject\",\"inLanguage\":\"pt-BR\",\"@id\":\"https:\/\/maxwelldossantos.com.br\/#\/schema\/logo\/image\/\",\"url\":\"https:\/\/maxwelldossantos.com.br\/wp-content\/uploads\/2022\/03\/cropped-cropped-Cabecalho-e-Rodape-Carta-Timbrada.png\",\"contentUrl\":\"https:\/\/maxwelldossantos.com.br\/wp-content\/uploads\/2022\/03\/cropped-cropped-Cabecalho-e-Rodape-Carta-Timbrada.png\",\"width\":655,\"height\":188,\"caption\":\"Maxwell dos Santos\"},\"image\":{\"@id\":\"https:\/\/maxwelldossantos.com.br\/#\/schema\/logo\/image\/\"}}]}<\/script>\n<!-- \/ Yoast SEO plugin. -->","yoast_head_json":{"title":"Edi\u00e7\u00e3o de V\u00eddeo - Maxwell dos Santos","robots":{"index":"index","follow":"follow","max-snippet":"max-snippet:-1","max-image-preview":"max-image-preview:large","max-video-preview":"max-video-preview:-1"},"canonical":"https:\/\/maxwelldossantos.com.br\/index.php\/servicos\/edicao-de-video\/","og_locale":"pt_BR","og_type":"article","og_title":"Edi\u00e7\u00e3o de V\u00eddeo - Maxwell dos Santos","og_url":"https:\/\/maxwelldossantos.com.br\/index.php\/servicos\/edicao-de-video\/","og_site_name":"Maxwell dos Santos","article_modified_time":"2022-03-13T20:56:46+00:00","og_image":[{"url":"http:\/\/maxwelldossantos.com.br\/wp-content\/uploads\/2022\/03\/Tabela-de-Precos-Maxwell-Comunicacao_page-0006-1024x1024.jpg","type":"","width":"","height":""}],"twitter_card":"summary_large_image","twitter_misc":{"Est. tempo de leitura":"1 minuto"},"schema":{"@context":"https:\/\/schema.org","@graph":[{"@type":"WebPage","@id":"https:\/\/maxwelldossantos.com.br\/index.php\/servicos\/edicao-de-video\/","url":"https:\/\/maxwelldossantos.com.br\/index.php\/servicos\/edicao-de-video\/","name":"Edi\u00e7\u00e3o de V\u00eddeo - Maxwell dos Santos","isPartOf":{"@id":"https:\/\/maxwelldossantos.com.br\/#website"},"primaryImageOfPage":{"@id":"https:\/\/maxwelldossantos.com.br\/index.php\/servicos\/edicao-de-video\/#primaryimage"},"image":{"@id":"https:\/\/maxwelldossantos.com.br\/index.php\/servicos\/edicao-de-video\/#primaryimage"},"thumbnailUrl":"http:\/\/maxwelldossantos.com.br\/wp-content\/uploads\/2022\/03\/Tabela-de-Precos-Maxwell-Comunicacao_page-0006-1024x1024.jpg","datePublished":"2022-03-13T18:26:11+00:00","dateModified":"2022-03-13T20:56:46+00:00","breadcrumb":{"@id":"https:\/\/maxwelldossantos.com.br\/index.php\/servicos\/edicao-de-video\/#breadcrumb"},"inLanguage":"pt-BR","potentialAction":[{"@type":"ReadAction","target":["https:\/\/maxwelldossantos.com.br\/index.php\/servicos\/edicao-de-video\/"]}]},{"@type":"ImageObject","inLanguage":"pt-BR","@id":"https:\/\/maxwelldossantos.com.br\/index.php\/servicos\/edicao-de-video\/#primaryimage","url":"https:\/\/maxwelldossantos.com.br\/wp-content\/uploads\/2022\/03\/Tabela-de-Precos-Maxwell-Comunicacao_page-0006.jpg","contentUrl":"https:\/\/maxwelldossantos.com.br\/wp-content\/uploads\/2022\/03\/Tabela-de-Precos-Maxwell-Comunicacao_page-0006.jpg","width":1688,"height":1688},{"@type":"BreadcrumbList","@id":"https:\/\/maxwelldossantos.com.br\/index.php\/servicos\/edicao-de-video\/#breadcrumb","itemListElement":[{"@type":"ListItem","position":1,"name":"In\u00edcio","item":"https:\/\/maxwelldossantos.com.br\/"},{"@type":"ListItem","position":2,"name":"Servi\u00e7os","item":"https:\/\/maxwelldossantos.com.br\/index.php\/servicos\/"},{"@type":"ListItem","position":3,"name":"Edi\u00e7\u00e3o de V\u00eddeo"}]},{"@type":"WebSite","@id":"https:\/\/maxwelldossantos.com.br\/#website","url":"https:\/\/maxwelldossantos.com.br\/","name":"Maxwell dos Santos","description":"Escritor, jornalista, redator SEO, revisor de textos, editor de v\u00eddeo,","publisher":{"@id":"https:\/\/maxwelldossantos.com.br\/#organization"},"potentialAction":[{"@type":"SearchAction","target":{"@type":"EntryPoint","urlTemplate":"https:\/\/maxwelldossantos.com.br\/?s={search_term_string}"},"query-input":{"@type":"PropertyValueSpecification","valueRequired":true,"valueName":"search_term_string"}}],"inLanguage":"pt-BR"},{"@type":"Organization","@id":"https:\/\/maxwelldossantos.com.br\/#organization","name":"Maxwell dos Santos","url":"https:\/\/maxwelldossantos.com.br\/","logo":{"@type":"ImageObject","inLanguage":"pt-BR","@id":"https:\/\/maxwelldossantos.com.br\/#\/schema\/logo\/image\/","url":"https:\/\/maxwelldossantos.com.br\/wp-content\/uploads\/2022\/03\/cropped-cropped-Cabecalho-e-Rodape-Carta-Timbrada.png","contentUrl":"https:\/\/maxwelldossantos.com.br\/wp-content\/uploads\/2022\/03\/cropped-cropped-Cabecalho-e-Rodape-Carta-Timbrada.png","width":655,"height":188,"caption":"Maxwell dos Santos"},"image":{"@id":"https:\/\/maxwelldossantos.com.br\/#\/schema\/logo\/image\/"}}]}},"_links":{"self":[{"href":"https:\/\/maxwelldossantos.com.br\/index.php\/wp-json\/wp\/v2\/pages\/73","targetHints":{"allow":["GET"]}}],"collection":[{"href":"https:\/\/maxwelldossantos.com.br\/index.php\/wp-json\/wp\/v2\/pages"}],"about":[{"href":"https:\/\/maxwelldossantos.com.br\/index.php\/wp-json\/wp\/v2\/types\/page"}],"author":[{"embeddable":true,"href":"https:\/\/maxwelldossantos.com.br\/index.php\/wp-json\/wp\/v2\/users\/1"}],"replies":[{"embeddable":true,"href":"https:\/\/maxwelldossantos.com.br\/index.php\/wp-json\/wp\/v2\/comments?post=73"}],"version-history":[{"count":2,"href":"https:\/\/maxwelldossantos.com.br\/index.php\/wp-json\/wp\/v2\/pages\/73\/revisions"}],"predecessor-version":[{"id":182,"href":"https:\/\/maxwelldossantos.com.br\/index.php\/wp-json\/wp\/v2\/pages\/73\/revisions\/182"}],"up":[{"embeddable":true,"href":"https:\/\/maxwelldossantos.com.br\/index.php\/wp-json\/wp\/v2\/pages\/61"}],"wp:attachment":[{"href":"https:\/\/maxwelldossantos.com.br\/index.php\/wp-json\/wp\/v2\/media?parent=73"}],"curies":[{"name":"wp","href":"https:\/\/api.w.org\/{rel}","templated":true}]}}