{"id":8,"date":"2022-03-13T12:46:50","date_gmt":"2022-03-13T15:46:50","guid":{"rendered":"http:\/\/maxwelldossantos.com.br\/?page_id=8"},"modified":"2022-03-13T18:06:36","modified_gmt":"2022-03-13T21:06:36","slug":"sobre-maxwell","status":"publish","type":"page","link":"https:\/\/maxwelldossantos.com.br\/index.php\/sobre-maxwell\/","title":{"rendered":"Sobre Maxwell"},"content":{"rendered":"\n<figure class=\"wp-block-image size-large\"><img loading=\"lazy\" decoding=\"async\" width=\"739\" height=\"1024\" src=\"https:\/\/maxwelldossantos.com.br\/wp-content\/uploads\/2022\/03\/Divulgacao-1-739x1024.jpg\" alt=\"\" class=\"wp-image-128\" srcset=\"https:\/\/maxwelldossantos.com.br\/wp-content\/uploads\/2022\/03\/Divulgacao-1-739x1024.jpg 739w, https:\/\/maxwelldossantos.com.br\/wp-content\/uploads\/2022\/03\/Divulgacao-1-217x300.jpg 217w, https:\/\/maxwelldossantos.com.br\/wp-content\/uploads\/2022\/03\/Divulgacao-1-768x1064.jpg 768w, https:\/\/maxwelldossantos.com.br\/wp-content\/uploads\/2022\/03\/Divulgacao-1-1109x1536.jpg 1109w, https:\/\/maxwelldossantos.com.br\/wp-content\/uploads\/2022\/03\/Divulgacao-1-1478x2048.jpg 1478w, https:\/\/maxwelldossantos.com.br\/wp-content\/uploads\/2022\/03\/Divulgacao-1-scaled.jpg 1848w\" sizes=\"(max-width: 739px) 100vw, 739px\" \/><\/figure>\n\n\n\n<p>Maxwell dos Santos \u00e9 jornalista, radialista, escritor e professor de L\u00edngua Portuguesa e Literatura Brasileira nos cursinhos Risoflora, ResistENEM e Cursinho Popular por&nbsp;Mensagem. <\/p>\n\n\n\n<p>T\u00e9cnico em Multim\u00eddia pelo CEET Vasco Coutinho (2016), licenciado em Letras-Portugu\u00eas pelo IFES (2021), especialista em Educa\u00e7\u00e3o Especial com \u00eanfase em Transtornos Globais do Desenvolvimento e Superdota\u00e7\u00e3o pela FAEP (2021), especialista em Revis\u00e3o de Textos pela Facuminas (2021), p\u00f3s-graduando em Supervis\u00e3o, Orienta\u00e7\u00e3o e Inspe\u00e7\u00e3o Escolar pela Facuminas,\u00a0p\u00f3s-graduando em Escrita Criativa, Roteiro e Multiplataformas pela Faculdade Novoeste, p\u00f3s-graduando em Influ\u00eancia Digital: Conte\u00fado e Estrat\u00e9gia pela Faceminas, p\u00f3s-graduando no MBA em Marketing e M\u00eddias Digitais pela Faceminas, tecnologando em Marketing Digital pela Faculdade Multivix Serra e bacharelando em Jornalismo Digital pela Uniasselvi.<\/p>\n","protected":false},"excerpt":{"rendered":"<p>Maxwell dos Santos \u00e9 jornalista, radialista, escritor e professor de L\u00edngua Portuguesa e Literatura Brasileira nos cursinhos Risoflora, ResistENEM e Cursinho Popular por&nbsp;Mensagem. T\u00e9cnico em Multim\u00eddia pelo CEET Vasco Coutinho (2016), licenciado em Letras-Portugu\u00eas pelo IFES (2021), especialista em Educa\u00e7\u00e3o Especial com \u00eanfase em Transtornos Globais do Desenvolvimento e Superdota\u00e7\u00e3o pela FAEP (2021), especialista em [&hellip;]<\/p>\n","protected":false},"author":1,"featured_media":0,"parent":0,"menu_order":0,"comment_status":"closed","ping_status":"closed","template":"","meta":{"saved_in_kubio":false,"_monsterinsights_skip_tracking":false,"_monsterinsights_sitenote_active":false,"_monsterinsights_sitenote_note":"","_monsterinsights_sitenote_category":0,"footnotes":""},"class_list":["post-8","page","type-page","status-publish","hentry"],"kubio_ai_page_context":{"short_desc":"","purpose":"general"},"yoast_head":"<!-- This site is optimized with the Yoast SEO plugin v26.8 - https:\/\/yoast.com\/product\/yoast-seo-wordpress\/ -->\n<title>Sobre Maxwell - Maxwell dos Santos<\/title>\n<meta name=\"robots\" content=\"index, follow, max-snippet:-1, max-image-preview:large, max-video-preview:-1\" \/>\n<link rel=\"canonical\" href=\"https:\/\/maxwelldossantos.com.br\/index.php\/sobre-maxwell\/\" \/>\n<meta property=\"og:locale\" content=\"pt_BR\" \/>\n<meta property=\"og:type\" content=\"article\" \/>\n<meta property=\"og:title\" content=\"Sobre Maxwell - Maxwell dos Santos\" \/>\n<meta property=\"og:description\" content=\"Maxwell dos Santos \u00e9 jornalista, radialista, escritor e professor de L\u00edngua Portuguesa e Literatura Brasileira nos cursinhos Risoflora, ResistENEM e Cursinho Popular por&nbsp;Mensagem. T\u00e9cnico em Multim\u00eddia pelo CEET Vasco Coutinho (2016), licenciado em Letras-Portugu\u00eas pelo IFES (2021), especialista em Educa\u00e7\u00e3o Especial com \u00eanfase em Transtornos Globais do Desenvolvimento e Superdota\u00e7\u00e3o pela FAEP (2021), especialista em [&hellip;]\" \/>\n<meta property=\"og:url\" content=\"https:\/\/maxwelldossantos.com.br\/index.php\/sobre-maxwell\/\" \/>\n<meta property=\"og:site_name\" content=\"Maxwell dos Santos\" \/>\n<meta property=\"article:modified_time\" content=\"2022-03-13T21:06:36+00:00\" \/>\n<meta property=\"og:image\" content=\"http:\/\/maxwelldossantos.com.br\/wp-content\/uploads\/2022\/03\/Divulgacao-1-739x1024.jpg\" \/>\n<meta name=\"twitter:card\" content=\"summary_large_image\" \/>\n<meta name=\"twitter:label1\" content=\"Est. tempo de leitura\" \/>\n\t<meta name=\"twitter:data1\" content=\"1 minuto\" \/>\n<script type=\"application\/ld+json\" class=\"yoast-schema-graph\">{\"@context\":\"https:\/\/schema.org\",\"@graph\":[{\"@type\":\"WebPage\",\"@id\":\"https:\/\/maxwelldossantos.com.br\/index.php\/sobre-maxwell\/\",\"url\":\"https:\/\/maxwelldossantos.com.br\/index.php\/sobre-maxwell\/\",\"name\":\"Sobre Maxwell - Maxwell dos Santos\",\"isPartOf\":{\"@id\":\"https:\/\/maxwelldossantos.com.br\/#website\"},\"primaryImageOfPage\":{\"@id\":\"https:\/\/maxwelldossantos.com.br\/index.php\/sobre-maxwell\/#primaryimage\"},\"image\":{\"@id\":\"https:\/\/maxwelldossantos.com.br\/index.php\/sobre-maxwell\/#primaryimage\"},\"thumbnailUrl\":\"http:\/\/maxwelldossantos.com.br\/wp-content\/uploads\/2022\/03\/Divulgacao-1-739x1024.jpg\",\"datePublished\":\"2022-03-13T15:46:50+00:00\",\"dateModified\":\"2022-03-13T21:06:36+00:00\",\"breadcrumb\":{\"@id\":\"https:\/\/maxwelldossantos.com.br\/index.php\/sobre-maxwell\/#breadcrumb\"},\"inLanguage\":\"pt-BR\",\"potentialAction\":[{\"@type\":\"ReadAction\",\"target\":[\"https:\/\/maxwelldossantos.com.br\/index.php\/sobre-maxwell\/\"]}]},{\"@type\":\"ImageObject\",\"inLanguage\":\"pt-BR\",\"@id\":\"https:\/\/maxwelldossantos.com.br\/index.php\/sobre-maxwell\/#primaryimage\",\"url\":\"https:\/\/maxwelldossantos.com.br\/wp-content\/uploads\/2022\/03\/Divulgacao-1-scaled.jpg\",\"contentUrl\":\"https:\/\/maxwelldossantos.com.br\/wp-content\/uploads\/2022\/03\/Divulgacao-1-scaled.jpg\",\"width\":1848,\"height\":2560},{\"@type\":\"BreadcrumbList\",\"@id\":\"https:\/\/maxwelldossantos.com.br\/index.php\/sobre-maxwell\/#breadcrumb\",\"itemListElement\":[{\"@type\":\"ListItem\",\"position\":1,\"name\":\"In\u00edcio\",\"item\":\"https:\/\/maxwelldossantos.com.br\/\"},{\"@type\":\"ListItem\",\"position\":2,\"name\":\"Sobre Maxwell\"}]},{\"@type\":\"WebSite\",\"@id\":\"https:\/\/maxwelldossantos.com.br\/#website\",\"url\":\"https:\/\/maxwelldossantos.com.br\/\",\"name\":\"Maxwell dos Santos\",\"description\":\"Escritor, jornalista, redator SEO, revisor de textos, editor de v\u00eddeo,\",\"publisher\":{\"@id\":\"https:\/\/maxwelldossantos.com.br\/#organization\"},\"potentialAction\":[{\"@type\":\"SearchAction\",\"target\":{\"@type\":\"EntryPoint\",\"urlTemplate\":\"https:\/\/maxwelldossantos.com.br\/?s={search_term_string}\"},\"query-input\":{\"@type\":\"PropertyValueSpecification\",\"valueRequired\":true,\"valueName\":\"search_term_string\"}}],\"inLanguage\":\"pt-BR\"},{\"@type\":\"Organization\",\"@id\":\"https:\/\/maxwelldossantos.com.br\/#organization\",\"name\":\"Maxwell dos Santos\",\"url\":\"https:\/\/maxwelldossantos.com.br\/\",\"logo\":{\"@type\":\"ImageObject\",\"inLanguage\":\"pt-BR\",\"@id\":\"https:\/\/maxwelldossantos.com.br\/#\/schema\/logo\/image\/\",\"url\":\"https:\/\/maxwelldossantos.com.br\/wp-content\/uploads\/2022\/03\/cropped-cropped-Cabecalho-e-Rodape-Carta-Timbrada.png\",\"contentUrl\":\"https:\/\/maxwelldossantos.com.br\/wp-content\/uploads\/2022\/03\/cropped-cropped-Cabecalho-e-Rodape-Carta-Timbrada.png\",\"width\":655,\"height\":188,\"caption\":\"Maxwell dos Santos\"},\"image\":{\"@id\":\"https:\/\/maxwelldossantos.com.br\/#\/schema\/logo\/image\/\"}}]}<\/script>\n<!-- \/ Yoast SEO plugin. -->","yoast_head_json":{"title":"Sobre Maxwell - Maxwell dos Santos","robots":{"index":"index","follow":"follow","max-snippet":"max-snippet:-1","max-image-preview":"max-image-preview:large","max-video-preview":"max-video-preview:-1"},"canonical":"https:\/\/maxwelldossantos.com.br\/index.php\/sobre-maxwell\/","og_locale":"pt_BR","og_type":"article","og_title":"Sobre Maxwell - Maxwell dos Santos","og_description":"Maxwell dos Santos \u00e9 jornalista, radialista, escritor e professor de L\u00edngua Portuguesa e Literatura Brasileira nos cursinhos Risoflora, ResistENEM e Cursinho Popular por&nbsp;Mensagem. T\u00e9cnico em Multim\u00eddia pelo CEET Vasco Coutinho (2016), licenciado em Letras-Portugu\u00eas pelo IFES (2021), especialista em Educa\u00e7\u00e3o Especial com \u00eanfase em Transtornos Globais do Desenvolvimento e Superdota\u00e7\u00e3o pela FAEP (2021), especialista em [&hellip;]","og_url":"https:\/\/maxwelldossantos.com.br\/index.php\/sobre-maxwell\/","og_site_name":"Maxwell dos Santos","article_modified_time":"2022-03-13T21:06:36+00:00","og_image":[{"url":"http:\/\/maxwelldossantos.com.br\/wp-content\/uploads\/2022\/03\/Divulgacao-1-739x1024.jpg","type":"","width":"","height":""}],"twitter_card":"summary_large_image","twitter_misc":{"Est. tempo de leitura":"1 minuto"},"schema":{"@context":"https:\/\/schema.org","@graph":[{"@type":"WebPage","@id":"https:\/\/maxwelldossantos.com.br\/index.php\/sobre-maxwell\/","url":"https:\/\/maxwelldossantos.com.br\/index.php\/sobre-maxwell\/","name":"Sobre Maxwell - Maxwell dos Santos","isPartOf":{"@id":"https:\/\/maxwelldossantos.com.br\/#website"},"primaryImageOfPage":{"@id":"https:\/\/maxwelldossantos.com.br\/index.php\/sobre-maxwell\/#primaryimage"},"image":{"@id":"https:\/\/maxwelldossantos.com.br\/index.php\/sobre-maxwell\/#primaryimage"},"thumbnailUrl":"http:\/\/maxwelldossantos.com.br\/wp-content\/uploads\/2022\/03\/Divulgacao-1-739x1024.jpg","datePublished":"2022-03-13T15:46:50+00:00","dateModified":"2022-03-13T21:06:36+00:00","breadcrumb":{"@id":"https:\/\/maxwelldossantos.com.br\/index.php\/sobre-maxwell\/#breadcrumb"},"inLanguage":"pt-BR","potentialAction":[{"@type":"ReadAction","target":["https:\/\/maxwelldossantos.com.br\/index.php\/sobre-maxwell\/"]}]},{"@type":"ImageObject","inLanguage":"pt-BR","@id":"https:\/\/maxwelldossantos.com.br\/index.php\/sobre-maxwell\/#primaryimage","url":"https:\/\/maxwelldossantos.com.br\/wp-content\/uploads\/2022\/03\/Divulgacao-1-scaled.jpg","contentUrl":"https:\/\/maxwelldossantos.com.br\/wp-content\/uploads\/2022\/03\/Divulgacao-1-scaled.jpg","width":1848,"height":2560},{"@type":"BreadcrumbList","@id":"https:\/\/maxwelldossantos.com.br\/index.php\/sobre-maxwell\/#breadcrumb","itemListElement":[{"@type":"ListItem","position":1,"name":"In\u00edcio","item":"https:\/\/maxwelldossantos.com.br\/"},{"@type":"ListItem","position":2,"name":"Sobre Maxwell"}]},{"@type":"WebSite","@id":"https:\/\/maxwelldossantos.com.br\/#website","url":"https:\/\/maxwelldossantos.com.br\/","name":"Maxwell dos Santos","description":"Escritor, jornalista, redator SEO, revisor de textos, editor de v\u00eddeo,","publisher":{"@id":"https:\/\/maxwelldossantos.com.br\/#organization"},"potentialAction":[{"@type":"SearchAction","target":{"@type":"EntryPoint","urlTemplate":"https:\/\/maxwelldossantos.com.br\/?s={search_term_string}"},"query-input":{"@type":"PropertyValueSpecification","valueRequired":true,"valueName":"search_term_string"}}],"inLanguage":"pt-BR"},{"@type":"Organization","@id":"https:\/\/maxwelldossantos.com.br\/#organization","name":"Maxwell dos Santos","url":"https:\/\/maxwelldossantos.com.br\/","logo":{"@type":"ImageObject","inLanguage":"pt-BR","@id":"https:\/\/maxwelldossantos.com.br\/#\/schema\/logo\/image\/","url":"https:\/\/maxwelldossantos.com.br\/wp-content\/uploads\/2022\/03\/cropped-cropped-Cabecalho-e-Rodape-Carta-Timbrada.png","contentUrl":"https:\/\/maxwelldossantos.com.br\/wp-content\/uploads\/2022\/03\/cropped-cropped-Cabecalho-e-Rodape-Carta-Timbrada.png","width":655,"height":188,"caption":"Maxwell dos Santos"},"image":{"@id":"https:\/\/maxwelldossantos.com.br\/#\/schema\/logo\/image\/"}}]}},"_links":{"self":[{"href":"https:\/\/maxwelldossantos.com.br\/index.php\/wp-json\/wp\/v2\/pages\/8","targetHints":{"allow":["GET"]}}],"collection":[{"href":"https:\/\/maxwelldossantos.com.br\/index.php\/wp-json\/wp\/v2\/pages"}],"about":[{"href":"https:\/\/maxwelldossantos.com.br\/index.php\/wp-json\/wp\/v2\/types\/page"}],"author":[{"embeddable":true,"href":"https:\/\/maxwelldossantos.com.br\/index.php\/wp-json\/wp\/v2\/users\/1"}],"replies":[{"embeddable":true,"href":"https:\/\/maxwelldossantos.com.br\/index.php\/wp-json\/wp\/v2\/comments?post=8"}],"version-history":[{"count":3,"href":"https:\/\/maxwelldossantos.com.br\/index.php\/wp-json\/wp\/v2\/pages\/8\/revisions"}],"predecessor-version":[{"id":195,"href":"https:\/\/maxwelldossantos.com.br\/index.php\/wp-json\/wp\/v2\/pages\/8\/revisions\/195"}],"wp:attachment":[{"href":"https:\/\/maxwelldossantos.com.br\/index.php\/wp-json\/wp\/v2\/media?parent=8"}],"curies":[{"name":"wp","href":"https:\/\/api.w.org\/{rel}","templated":true}]}}